{"id":2482,"date":"2021-01-23T21:34:10","date_gmt":"2021-01-23T20:34:10","guid":{"rendered":"http:\/\/curiosites.lmparis.fr\/?post_type=product&#038;p=2482"},"modified":"2021-01-23T21:41:15","modified_gmt":"2021-01-23T20:41:15","slug":"paire-de-bols-en-porcelaine-blanche-a-decor-secret-dit-anhua-chine-dynastie-qing-xviiie-xixe-siecle","status":"publish","type":"product","link":"https:\/\/curiosites.lmparis.fr\/index.php\/produit\/paire-de-bols-en-porcelaine-blanche-a-decor-secret-dit-anhua-chine-dynastie-qing-xviiie-xixe-siecle\/","title":{"rendered":"Paire de bols en porcelaine blanche \u00e0 d\u00e9cor secret dit ANHUA. Chine, dynastie Qing, XVIIIE-XIXE si\u00e8cle."},"content":{"rendered":"<h5><strong>Le D\u00e9cor\u00a0:<\/strong><\/h5>\n<p>Le d\u00e9cor des bols repr\u00e9sente \u00e0 premi\u00e8re vue un Dragon, un Phoenix, des nuages, la perle de feu et deux frises \u00e9galement en reliefs aux limites sup\u00e9rieures et inf\u00e9rieures de chaque pi\u00e8ce. Les bols sont moul\u00e9s en double \u00e9paisseurs et entre les deux couches qui les composent un d\u00e9cor au cobalt est dessin\u00e9 qui ne se r\u00e9v\u00e8lera qu\u2019apr\u00e8s les cuissons (il restera secret et n\u2019apparaitra pas \u00e0 la surface des bols). Pour les d\u00e9couvrir la lumi\u00e8re est n\u00e9cessaire, elle doit traverser la porcelaine, alors les deux animaux chim\u00e9riques apparaissent ainsi que des nuages de couleur rouge et les deux calligrammes sont l\u00e0 pour indiquer la destination de ces porcelaines qui ne devaient \u00eatre qu\u2019\u00e0 l\u2019usage de la cour imp\u00e9riale au palais.<\/p>\n<p>Cette technique utilis\u00e9e pour fabriquer ces deux bols est rare et tr\u00e8s d\u00e9licate vous pourrez consulter les prix de certains de ces objets dans les ventes aux ench\u00e8res.<\/p>\n<p><a href=\"https:\/\/www.sothebys.com\/fr\/auctions\/ecatalogue\/2012\/arts-dasie-pf1207\/lot.241.html\">https:\/\/www.sothebys.com\/fr\/auctions\/ecatalogue\/2012\/arts-dasie-pf1207\/lot.241.html<\/a><\/p>\n<p><a href=\"https:\/\/www.invaluable.com\/search?keyword=anhua\">https:\/\/www.invaluable.com\/search?keyword=anhua<\/a><\/p>\n<p>&nbsp;<\/p>\n","protected":false},"excerpt":{"rendered":"<p>Chaque porcelaine porte une marque dynastique imp\u00e9riale Xuan de (Siouen-T\u00ea 1426 &#8211; 1436)<\/p>\n<p>Cette marque est probablement apocryphe.<\/p>\n<p>Ces bols aux bords largement \u00e9vas\u00e9s sont porteurs d\u2019un d\u00e9cor moul\u00e9 figurant un Dragon \u00e0 cinq griffes et un Phoenix en vol, les deux se font face ils sont s\u00e9par\u00e9s par une perle enflamm\u00e9e.<\/p>\n<p>Les deux animaux chim\u00e9riques survolent une frise repr\u00e9sentant \u00ab\u00a0la mer\u00a0\u00bb \u00e0 la base du bol (de l\u2019eau en mouvement) ils sont entour\u00e9s de nuages.<\/p>\n<p>Le dragon et le Phoenix lorsqu\u2019ils sont associ\u00e9s dans un d\u00e9cor repr\u00e9sentent l\u2019empereur pour le Dragon et de l\u2019Imp\u00e9ratrice pour le Phoenix. (Le ph\u0153nix, embl\u00e8me de l&rsquo;imp\u00e9ratrice et de beaut\u00e9, apparait seulement en p\u00e9riode de paix et de prosp\u00e9rit\u00e9).<\/p>\n<p>La Perle, elle, que le Dragon chasse, a une symbolique plus compliqu\u00e9e. Le sens le plus commun est que cette perle enflamm\u00e9e poss\u00e8de une essence sacr\u00e9e qui transmet son pouvoir au Dragon. Elle serait \u00e9galement la repr\u00e9sentation de la sagesse, le Dragon, symbole de l&#8217;empereur, \u00e9tant alors celui qui dirige son empire avec sagesse. Mais cette Perle pourrait aussi symboliser le Soleil, la Lune et la Foudre ou une combinaison de ces trois \u00e9l\u00e9ments, et servirait ainsi \u00e0 rappeler que le Dragon est un animal cosmique. L\u00e0 encore, on retrouve un lien avec l&rsquo;approbation que les forces c\u00e9lestes conf\u00e9reraient \u00e0 l&#8217;empereur, r\u00e9gnant au nom du Ciel. La perle \u00ab\u00a0enflamm\u00e9e ou flamboyante\u00a0ou fleur d\u2019or \u00bb est aussi un symbole Tao\u00efste qui figure le souffle premier l\u2019\u00e9nergie vitale primordiale.<\/p>\n<p>Hauteur : \u00a08 cm, diam\u00e8tre\u00a0:\u00a0 14 cm<\/p>\n<p>Parfait \u00e9tat. La paire \u00e0 1 600 euros<\/p>\n","protected":false},"featured_media":2500,"template":"","meta":{"site-sidebar-layout":"default","site-content-layout":"default","ast-site-content-layout":"default","site-content-style":"default","site-sidebar-style":"default","ast-global-header-display":"","ast-banner-title-visibility":"","ast-main-header-display":"","ast-hfb-above-header-display":"","ast-hfb-below-header-display":"","ast-hfb-mobile-header-display":"","site-post-title":"","ast-breadcrumbs-content":"","ast-featured-img":"","footer-sml-layout":"","ast-disable-related-posts":"","theme-transparent-header-meta":"default","adv-header-id-meta":"","stick-header-meta":"","header-above-stick-meta":"","header-main-stick-meta":"","header-below-stick-meta":"","astra-migrate-meta-layouts":"default","ast-page-background-enabled":"default","ast-page-background-meta":{"desktop":{"background-color":"","background-image":"","background-repeat":"repeat","background-position":"center center","background-size":"auto","background-attachment":"scroll","background-type":"","background-media":"","overlay-type":"","overlay-color":"","overlay-opacity":"","overlay-gradient":""},"tablet":{"background-color":"","background-image":"","background-repeat":"repeat","background-position":"center center","background-size":"auto","background-attachment":"scroll","background-type":"","background-media":"","overlay-type":"","overlay-color":"","overlay-opacity":"","overlay-gradient":""},"mobile":{"background-color":"","background-image":"","background-repeat":"repeat","background-position":"center center","background-size":"auto","background-attachment":"scroll","background-type":"","background-media":"","overlay-type":"","overlay-color":"","overlay-opacity":"","overlay-gradient":""}},"ast-content-background-meta":{"desktop":{"background-color":"var(--ast-global-color-5)","background-image":"","background-repeat":"repeat","background-position":"center center","background-size":"auto","background-attachment":"scroll","background-type":"","background-media":"","overlay-type":"","overlay-color":"","overlay-opacity":"","overlay-gradient":""},"tablet":{"background-color":"var(--ast-global-color-5)","background-image":"","background-repeat":"repeat","background-position":"center center","background-size":"auto","background-attachment":"scroll","background-type":"","background-media":"","overlay-type":"","overlay-color":"","overlay-opacity":"","overlay-gradient":""},"mobile":{"background-color":"var(--ast-global-color-5)","background-image":"","background-repeat":"repeat","background-position":"center center","background-size":"auto","background-attachment":"scroll","background-type":"","background-media":"","overlay-type":"","overlay-color":"","overlay-opacity":"","overlay-gradient":""}}},"product_brand":[],"product_cat":[21],"product_tag":[],"class_list":{"0":"post-2482","1":"product","2":"type-product","3":"status-publish","4":"has-post-thumbnail","6":"product_cat-porcelaine","7":"product_shipping_class-medium","8":"desktop-align-left","9":"tablet-align-left","10":"mobile-align-left","12":"first","13":"instock","14":"featured","15":"sold-individually","16":"shipping-taxable","17":"purchasable","18":"product-type-simple"},"yoast_head":"<!-- This site is optimized with the Yoast SEO plugin v24.8.1 - https:\/\/yoast.com\/wordpress\/plugins\/seo\/ -->\n<title>Paire de bols en porcelaine blanche \u00e0 d\u00e9cor secret dit ANHUA. Chine, dynastie Qing, XVIIIE-XIXE si\u00e8cle. - Le cabinet de curiosit\u00e9s<\/title>\n<meta name=\"robots\" content=\"index, follow, max-snippet:-1, max-image-preview:large, max-video-preview:-1\" \/>\n<link rel=\"canonical\" href=\"https:\/\/curiosites.lmparis.fr\/index.php\/produit\/paire-de-bols-en-porcelaine-blanche-a-decor-secret-dit-anhua-chine-dynastie-qing-xviiie-xixe-siecle\/\" \/>\n<meta property=\"og:locale\" content=\"fr_FR\" \/>\n<meta property=\"og:type\" content=\"article\" \/>\n<meta property=\"og:title\" content=\"Paire de bols en porcelaine blanche \u00e0 d\u00e9cor secret dit ANHUA. Chine, dynastie Qing, XVIIIE-XIXE si\u00e8cle. - Le cabinet de curiosit\u00e9s\" \/>\n<meta property=\"og:description\" content=\"Chaque porcelaine porte une marque dynastique imp\u00e9riale Xuan de (Siouen-T\u00ea 1426 - 1436)  Cette marque est probablement apocryphe.  Ces bols aux bords largement \u00e9vas\u00e9s sont porteurs d\u2019un d\u00e9cor moul\u00e9 figurant un Dragon \u00e0 cinq griffes et un Phoenix en vol, les deux se font face ils sont s\u00e9par\u00e9s par une perle enflamm\u00e9e.  Les deux animaux chim\u00e9riques survolent une frise repr\u00e9sentant \u00ab\u00a0la mer\u00a0\u00bb \u00e0 la base du bol (de l\u2019eau en mouvement) ils sont entour\u00e9s de nuages.  Le dragon et le Phoenix lorsqu\u2019ils sont associ\u00e9s dans un d\u00e9cor repr\u00e9sentent l\u2019empereur pour le Dragon et de l\u2019Imp\u00e9ratrice pour le Phoenix. (Le ph\u0153nix, embl\u00e8me de l&#039;imp\u00e9ratrice et de beaut\u00e9, apparait seulement en p\u00e9riode de paix et de prosp\u00e9rit\u00e9).  La Perle, elle, que le Dragon chasse, a une symbolique plus compliqu\u00e9e. Le sens le plus commun est que cette perle enflamm\u00e9e poss\u00e8de une essence sacr\u00e9e qui transmet son pouvoir au Dragon. Elle serait \u00e9galement la repr\u00e9sentation de la sagesse, le Dragon, symbole de l&#039;empereur, \u00e9tant alors celui qui dirige son empire avec sagesse. Mais cette Perle pourrait aussi symboliser le Soleil, la Lune et la Foudre ou une combinaison de ces trois \u00e9l\u00e9ments, et servirait ainsi \u00e0 rappeler que le Dragon est un animal cosmique. L\u00e0 encore, on retrouve un lien avec l&#039;approbation que les forces c\u00e9lestes conf\u00e9reraient \u00e0 l&#039;empereur, r\u00e9gnant au nom du Ciel. La perle \u00ab\u00a0enflamm\u00e9e ou flamboyante\u00a0ou fleur d\u2019or \u00bb est aussi un symbole Tao\u00efste qui figure le souffle premier l\u2019\u00e9nergie vitale primordiale.  Hauteur : \u00a08 cm, diam\u00e8tre\u00a0:\u00a0 14 cm  Parfait \u00e9tat. La paire \u00e0 1 600 euros\" \/>\n<meta property=\"og:url\" content=\"https:\/\/curiosites.lmparis.fr\/index.php\/produit\/paire-de-bols-en-porcelaine-blanche-a-decor-secret-dit-anhua-chine-dynastie-qing-xviiie-xixe-siecle\/\" \/>\n<meta property=\"og:site_name\" content=\"Le cabinet de curiosit\u00e9s\" \/>\n<meta property=\"article:modified_time\" content=\"2021-01-23T20:41:15+00:00\" \/>\n<meta property=\"og:image\" content=\"https:\/\/curiosites.lmparis.fr\/wp-content\/uploads\/2021\/01\/Porcelaine-Nei-Fu_index.jpeg\" \/>\n\t<meta property=\"og:image:width\" content=\"1280\" \/>\n\t<meta property=\"og:image:height\" content=\"985\" \/>\n\t<meta property=\"og:image:type\" content=\"image\/jpeg\" \/>\n<meta name=\"twitter:card\" content=\"summary_large_image\" \/>\n<meta name=\"twitter:label1\" content=\"Dur\u00e9e de lecture estim\u00e9e\" \/>\n\t<meta name=\"twitter:data1\" content=\"1 minute\" \/>\n<script type=\"application\/ld+json\" class=\"yoast-schema-graph\">{\"@context\":\"https:\/\/schema.org\",\"@graph\":[{\"@type\":\"WebPage\",\"@id\":\"https:\/\/curiosites.lmparis.fr\/index.php\/produit\/paire-de-bols-en-porcelaine-blanche-a-decor-secret-dit-anhua-chine-dynastie-qing-xviiie-xixe-siecle\/\",\"url\":\"https:\/\/curiosites.lmparis.fr\/index.php\/produit\/paire-de-bols-en-porcelaine-blanche-a-decor-secret-dit-anhua-chine-dynastie-qing-xviiie-xixe-siecle\/\",\"name\":\"Paire de bols en porcelaine blanche \u00e0 d\u00e9cor secret dit ANHUA. Chine, dynastie Qing, XVIIIE-XIXE si\u00e8cle. - Le cabinet de curiosit\u00e9s\",\"isPartOf\":{\"@id\":\"https:\/\/curiosites.lmparis.fr\/#website\"},\"primaryImageOfPage\":{\"@id\":\"https:\/\/curiosites.lmparis.fr\/index.php\/produit\/paire-de-bols-en-porcelaine-blanche-a-decor-secret-dit-anhua-chine-dynastie-qing-xviiie-xixe-siecle\/#primaryimage\"},\"image\":{\"@id\":\"https:\/\/curiosites.lmparis.fr\/index.php\/produit\/paire-de-bols-en-porcelaine-blanche-a-decor-secret-dit-anhua-chine-dynastie-qing-xviiie-xixe-siecle\/#primaryimage\"},\"thumbnailUrl\":\"https:\/\/curiosites.lmparis.fr\/wp-content\/uploads\/2021\/01\/Porcelaine-Nei-Fu_index.jpeg\",\"datePublished\":\"2021-01-23T20:34:10+00:00\",\"dateModified\":\"2021-01-23T20:41:15+00:00\",\"breadcrumb\":{\"@id\":\"https:\/\/curiosites.lmparis.fr\/index.php\/produit\/paire-de-bols-en-porcelaine-blanche-a-decor-secret-dit-anhua-chine-dynastie-qing-xviiie-xixe-siecle\/#breadcrumb\"},\"inLanguage\":\"fr-FR\",\"potentialAction\":[{\"@type\":\"ReadAction\",\"target\":[\"https:\/\/curiosites.lmparis.fr\/index.php\/produit\/paire-de-bols-en-porcelaine-blanche-a-decor-secret-dit-anhua-chine-dynastie-qing-xviiie-xixe-siecle\/\"]}]},{\"@type\":\"ImageObject\",\"inLanguage\":\"fr-FR\",\"@id\":\"https:\/\/curiosites.lmparis.fr\/index.php\/produit\/paire-de-bols-en-porcelaine-blanche-a-decor-secret-dit-anhua-chine-dynastie-qing-xviiie-xixe-siecle\/#primaryimage\",\"url\":\"https:\/\/curiosites.lmparis.fr\/wp-content\/uploads\/2021\/01\/Porcelaine-Nei-Fu_index.jpeg\",\"contentUrl\":\"https:\/\/curiosites.lmparis.fr\/wp-content\/uploads\/2021\/01\/Porcelaine-Nei-Fu_index.jpeg\",\"width\":1280,\"height\":985},{\"@type\":\"BreadcrumbList\",\"@id\":\"https:\/\/curiosites.lmparis.fr\/index.php\/produit\/paire-de-bols-en-porcelaine-blanche-a-decor-secret-dit-anhua-chine-dynastie-qing-xviiie-xixe-siecle\/#breadcrumb\",\"itemListElement\":[{\"@type\":\"ListItem\",\"position\":1,\"name\":\"Accueil\",\"item\":\"https:\/\/curiosites.lmparis.fr\/\"},{\"@type\":\"ListItem\",\"position\":2,\"name\":\"Boutique\",\"item\":\"https:\/\/curiosites.lmparis.fr\/index.php\/boutique\/\"},{\"@type\":\"ListItem\",\"position\":3,\"name\":\"Paire de bols en porcelaine blanche \u00e0 d\u00e9cor secret dit ANHUA. Chine, dynastie Qing, XVIIIE-XIXE si\u00e8cle.\"}]},{\"@type\":\"WebSite\",\"@id\":\"https:\/\/curiosites.lmparis.fr\/#website\",\"url\":\"https:\/\/curiosites.lmparis.fr\/\",\"name\":\"Le cabinet de curiosit\u00e9s\",\"description\":\"art, objets d&#039;art , antiquit\u00e9s. objet de curiosit\u00e9s, porcelaines\",\"publisher\":{\"@id\":\"https:\/\/curiosites.lmparis.fr\/#\/schema\/person\/cda334754a2494b4fabed1f26b450aea\"},\"potentialAction\":[{\"@type\":\"SearchAction\",\"target\":{\"@type\":\"EntryPoint\",\"urlTemplate\":\"https:\/\/curiosites.lmparis.fr\/?s={search_term_string}\"},\"query-input\":{\"@type\":\"PropertyValueSpecification\",\"valueRequired\":true,\"valueName\":\"search_term_string\"}}],\"inLanguage\":\"fr-FR\"},{\"@type\":[\"Person\",\"Organization\"],\"@id\":\"https:\/\/curiosites.lmparis.fr\/#\/schema\/person\/cda334754a2494b4fabed1f26b450aea\",\"name\":\"akolangTo\",\"image\":{\"@type\":\"ImageObject\",\"inLanguage\":\"fr-FR\",\"@id\":\"https:\/\/curiosites.lmparis.fr\/#\/schema\/person\/image\/\",\"url\":\"https:\/\/curiosites.lmparis.fr\/wp-content\/uploads\/2020\/11\/blue-on-white-logo-160.png\",\"contentUrl\":\"https:\/\/curiosites.lmparis.fr\/wp-content\/uploads\/2020\/11\/blue-on-white-logo-160.png\",\"width\":160,\"height\":160,\"caption\":\"akolangTo\"},\"logo\":{\"@id\":\"https:\/\/curiosites.lmparis.fr\/#\/schema\/person\/image\/\"}}]}<\/script>\n<!-- \/ Yoast SEO plugin. -->","yoast_head_json":{"title":"Paire de bols en porcelaine blanche \u00e0 d\u00e9cor secret dit ANHUA. Chine, dynastie Qing, XVIIIE-XIXE si\u00e8cle. - Le cabinet de curiosit\u00e9s","robots":{"index":"index","follow":"follow","max-snippet":"max-snippet:-1","max-image-preview":"max-image-preview:large","max-video-preview":"max-video-preview:-1"},"canonical":"https:\/\/curiosites.lmparis.fr\/index.php\/produit\/paire-de-bols-en-porcelaine-blanche-a-decor-secret-dit-anhua-chine-dynastie-qing-xviiie-xixe-siecle\/","og_locale":"fr_FR","og_type":"article","og_title":"Paire de bols en porcelaine blanche \u00e0 d\u00e9cor secret dit ANHUA. Chine, dynastie Qing, XVIIIE-XIXE si\u00e8cle. - Le cabinet de curiosit\u00e9s","og_description":"Chaque porcelaine porte une marque dynastique imp\u00e9riale Xuan de (Siouen-T\u00ea 1426 - 1436)  Cette marque est probablement apocryphe.  Ces bols aux bords largement \u00e9vas\u00e9s sont porteurs d\u2019un d\u00e9cor moul\u00e9 figurant un Dragon \u00e0 cinq griffes et un Phoenix en vol, les deux se font face ils sont s\u00e9par\u00e9s par une perle enflamm\u00e9e.  Les deux animaux chim\u00e9riques survolent une frise repr\u00e9sentant \u00ab\u00a0la mer\u00a0\u00bb \u00e0 la base du bol (de l\u2019eau en mouvement) ils sont entour\u00e9s de nuages.  Le dragon et le Phoenix lorsqu\u2019ils sont associ\u00e9s dans un d\u00e9cor repr\u00e9sentent l\u2019empereur pour le Dragon et de l\u2019Imp\u00e9ratrice pour le Phoenix. (Le ph\u0153nix, embl\u00e8me de l'imp\u00e9ratrice et de beaut\u00e9, apparait seulement en p\u00e9riode de paix et de prosp\u00e9rit\u00e9).  La Perle, elle, que le Dragon chasse, a une symbolique plus compliqu\u00e9e. Le sens le plus commun est que cette perle enflamm\u00e9e poss\u00e8de une essence sacr\u00e9e qui transmet son pouvoir au Dragon. Elle serait \u00e9galement la repr\u00e9sentation de la sagesse, le Dragon, symbole de l'empereur, \u00e9tant alors celui qui dirige son empire avec sagesse. Mais cette Perle pourrait aussi symboliser le Soleil, la Lune et la Foudre ou une combinaison de ces trois \u00e9l\u00e9ments, et servirait ainsi \u00e0 rappeler que le Dragon est un animal cosmique. L\u00e0 encore, on retrouve un lien avec l'approbation que les forces c\u00e9lestes conf\u00e9reraient \u00e0 l'empereur, r\u00e9gnant au nom du Ciel. La perle \u00ab\u00a0enflamm\u00e9e ou flamboyante\u00a0ou fleur d\u2019or \u00bb est aussi un symbole Tao\u00efste qui figure le souffle premier l\u2019\u00e9nergie vitale primordiale.  Hauteur : \u00a08 cm, diam\u00e8tre\u00a0:\u00a0 14 cm  Parfait \u00e9tat. La paire \u00e0 1 600 euros","og_url":"https:\/\/curiosites.lmparis.fr\/index.php\/produit\/paire-de-bols-en-porcelaine-blanche-a-decor-secret-dit-anhua-chine-dynastie-qing-xviiie-xixe-siecle\/","og_site_name":"Le cabinet de curiosit\u00e9s","article_modified_time":"2021-01-23T20:41:15+00:00","og_image":[{"width":1280,"height":985,"url":"https:\/\/curiosites.lmparis.fr\/wp-content\/uploads\/2021\/01\/Porcelaine-Nei-Fu_index.jpeg","type":"image\/jpeg"}],"twitter_card":"summary_large_image","twitter_misc":{"Dur\u00e9e de lecture estim\u00e9e":"1 minute"},"schema":{"@context":"https:\/\/schema.org","@graph":[{"@type":"WebPage","@id":"https:\/\/curiosites.lmparis.fr\/index.php\/produit\/paire-de-bols-en-porcelaine-blanche-a-decor-secret-dit-anhua-chine-dynastie-qing-xviiie-xixe-siecle\/","url":"https:\/\/curiosites.lmparis.fr\/index.php\/produit\/paire-de-bols-en-porcelaine-blanche-a-decor-secret-dit-anhua-chine-dynastie-qing-xviiie-xixe-siecle\/","name":"Paire de bols en porcelaine blanche \u00e0 d\u00e9cor secret dit ANHUA. Chine, dynastie Qing, XVIIIE-XIXE si\u00e8cle. - Le cabinet de curiosit\u00e9s","isPartOf":{"@id":"https:\/\/curiosites.lmparis.fr\/#website"},"primaryImageOfPage":{"@id":"https:\/\/curiosites.lmparis.fr\/index.php\/produit\/paire-de-bols-en-porcelaine-blanche-a-decor-secret-dit-anhua-chine-dynastie-qing-xviiie-xixe-siecle\/#primaryimage"},"image":{"@id":"https:\/\/curiosites.lmparis.fr\/index.php\/produit\/paire-de-bols-en-porcelaine-blanche-a-decor-secret-dit-anhua-chine-dynastie-qing-xviiie-xixe-siecle\/#primaryimage"},"thumbnailUrl":"https:\/\/curiosites.lmparis.fr\/wp-content\/uploads\/2021\/01\/Porcelaine-Nei-Fu_index.jpeg","datePublished":"2021-01-23T20:34:10+00:00","dateModified":"2021-01-23T20:41:15+00:00","breadcrumb":{"@id":"https:\/\/curiosites.lmparis.fr\/index.php\/produit\/paire-de-bols-en-porcelaine-blanche-a-decor-secret-dit-anhua-chine-dynastie-qing-xviiie-xixe-siecle\/#breadcrumb"},"inLanguage":"fr-FR","potentialAction":[{"@type":"ReadAction","target":["https:\/\/curiosites.lmparis.fr\/index.php\/produit\/paire-de-bols-en-porcelaine-blanche-a-decor-secret-dit-anhua-chine-dynastie-qing-xviiie-xixe-siecle\/"]}]},{"@type":"ImageObject","inLanguage":"fr-FR","@id":"https:\/\/curiosites.lmparis.fr\/index.php\/produit\/paire-de-bols-en-porcelaine-blanche-a-decor-secret-dit-anhua-chine-dynastie-qing-xviiie-xixe-siecle\/#primaryimage","url":"https:\/\/curiosites.lmparis.fr\/wp-content\/uploads\/2021\/01\/Porcelaine-Nei-Fu_index.jpeg","contentUrl":"https:\/\/curiosites.lmparis.fr\/wp-content\/uploads\/2021\/01\/Porcelaine-Nei-Fu_index.jpeg","width":1280,"height":985},{"@type":"BreadcrumbList","@id":"https:\/\/curiosites.lmparis.fr\/index.php\/produit\/paire-de-bols-en-porcelaine-blanche-a-decor-secret-dit-anhua-chine-dynastie-qing-xviiie-xixe-siecle\/#breadcrumb","itemListElement":[{"@type":"ListItem","position":1,"name":"Accueil","item":"https:\/\/curiosites.lmparis.fr\/"},{"@type":"ListItem","position":2,"name":"Boutique","item":"https:\/\/curiosites.lmparis.fr\/index.php\/boutique\/"},{"@type":"ListItem","position":3,"name":"Paire de bols en porcelaine blanche \u00e0 d\u00e9cor secret dit ANHUA. Chine, dynastie Qing, XVIIIE-XIXE si\u00e8cle."}]},{"@type":"WebSite","@id":"https:\/\/curiosites.lmparis.fr\/#website","url":"https:\/\/curiosites.lmparis.fr\/","name":"Le cabinet de curiosit\u00e9s","description":"art, objets d&#039;art , antiquit\u00e9s. objet de curiosit\u00e9s, porcelaines","publisher":{"@id":"https:\/\/curiosites.lmparis.fr\/#\/schema\/person\/cda334754a2494b4fabed1f26b450aea"},"potentialAction":[{"@type":"SearchAction","target":{"@type":"EntryPoint","urlTemplate":"https:\/\/curiosites.lmparis.fr\/?s={search_term_string}"},"query-input":{"@type":"PropertyValueSpecification","valueRequired":true,"valueName":"search_term_string"}}],"inLanguage":"fr-FR"},{"@type":["Person","Organization"],"@id":"https:\/\/curiosites.lmparis.fr\/#\/schema\/person\/cda334754a2494b4fabed1f26b450aea","name":"akolangTo","image":{"@type":"ImageObject","inLanguage":"fr-FR","@id":"https:\/\/curiosites.lmparis.fr\/#\/schema\/person\/image\/","url":"https:\/\/curiosites.lmparis.fr\/wp-content\/uploads\/2020\/11\/blue-on-white-logo-160.png","contentUrl":"https:\/\/curiosites.lmparis.fr\/wp-content\/uploads\/2020\/11\/blue-on-white-logo-160.png","width":160,"height":160,"caption":"akolangTo"},"logo":{"@id":"https:\/\/curiosites.lmparis.fr\/#\/schema\/person\/image\/"}}]}},"jetpack_sharing_enabled":true,"_links":{"self":[{"href":"https:\/\/curiosites.lmparis.fr\/index.php\/wp-json\/wp\/v2\/product\/2482","targetHints":{"allow":["GET"]}}],"collection":[{"href":"https:\/\/curiosites.lmparis.fr\/index.php\/wp-json\/wp\/v2\/product"}],"about":[{"href":"https:\/\/curiosites.lmparis.fr\/index.php\/wp-json\/wp\/v2\/types\/product"}],"wp:featuredmedia":[{"embeddable":true,"href":"https:\/\/curiosites.lmparis.fr\/index.php\/wp-json\/wp\/v2\/media\/2500"}],"wp:attachment":[{"href":"https:\/\/curiosites.lmparis.fr\/index.php\/wp-json\/wp\/v2\/media?parent=2482"}],"wp:term":[{"taxonomy":"product_brand","embeddable":true,"href":"https:\/\/curiosites.lmparis.fr\/index.php\/wp-json\/wp\/v2\/product_brand?post=2482"},{"taxonomy":"product_cat","embeddable":true,"href":"https:\/\/curiosites.lmparis.fr\/index.php\/wp-json\/wp\/v2\/product_cat?post=2482"},{"taxonomy":"product_tag","embeddable":true,"href":"https:\/\/curiosites.lmparis.fr\/index.php\/wp-json\/wp\/v2\/product_tag?post=2482"}],"curies":[{"name":"wp","href":"https:\/\/api.w.org\/{rel}","templated":true}]}}