{"id":2449,"date":"2021-01-23T18:29:16","date_gmt":"2021-01-23T17:29:16","guid":{"rendered":"http:\/\/curiosites.lmparis.fr\/?post_type=product&#038;p=2449"},"modified":"2021-01-25T16:40:54","modified_gmt":"2021-01-25T15:40:54","slug":"porcelaine-wu-cai-n3-paire-de-coupe-libatoire-a-decors-de-poissons","status":"publish","type":"product","link":"https:\/\/curiosites.lmparis.fr\/index.php\/produit\/porcelaine-wu-cai-n3-paire-de-coupe-libatoire-a-decors-de-poissons\/","title":{"rendered":"Porcelaine Wu Cai N\u00b03 : Paire de coupe libatoire \u00e0 d\u00e9cors de poissons"},"content":{"rendered":"<h5><strong>Rare ensemble de porcelaines appel\u00e9es <\/strong><strong>\u00a0<em>PORCELAINE WU CAI (OU DOUCAI)<\/em><\/strong><\/h5>\n<p>Les productions de porcelaines chinoises ont \u00e9volu\u00e9 au fils du temps depuis les origines jusqu\u2019\u00e0 la dynastie des Ming ou la couleur a pris une place importante dans l\u2019ex\u00e9cution des d\u00e9cors. Le raffinement des fabrications c\u2019est accentu\u00e9 pour aboutir \u00e0 l\u2019utilisation de quatre couleurs et seulement quatre pour ce type de pi\u00e8ces en porcelaine dites Wucai ou Doucai. Les d\u00e9cors sont l\u00e9gers et structur\u00e9s, la qualit\u00e9 du kaolin utilis\u00e9s est extr\u00eamement fin et raffin\u00e9.<\/p>\n<h6><strong>Wucai ou Doucai<\/strong><\/h6>\n<p>Ce terme signifie \u00ab\u00a0couleurs contrast\u00e9es\u00a0\u00bb Il s\u2019emploie pour d\u00e9signer les porcelaines au d\u00e9cor bleu sous couverte Les contours des d\u00e9cors sont ex\u00e9cut\u00e9s sous couverte au bleu de cobalt. La pi\u00e8ce est cuite une premi\u00e8re fois \u00e0 1300-1350\u00b0C. Le dessin re\u00e7oit ensuite ses \u00e9maux sur couverte, il s\u2019agit en g\u00e9n\u00e9ral du rouge de fer, du jaune, et du vert. La pi\u00e8ce est cuite une deuxi\u00e8me fois mais \u00e0 basse temp\u00e9rature (750-800\u00b0C). Le d\u00e9cor apparait.<\/p>\n<p>Sous le r\u00e8gne de Xuande (1426-35), il deviendra l\u2019objet d\u2019un engouement imp\u00e9rial important sous le r\u00e8gne de Chenghua (1465-1487), p\u00e9riode apr\u00e8s laquelle il sera quelque peu oubli\u00e9. Il r\u00e9apparaitra sous le r\u00e8gne de Wanli (1573- 1619), puis au XVIIIe si\u00e8cle sous la dynastie des Qing.<\/p>\n<h6><span lang=\"FR\">Il faut savoir \u00e0 propos des porcelaine appel\u00e9es WUCAI ou DOUCAI que tout le monde ne pouvait pas les poss\u00e9der. S\u2019<span class=\"htmltextroot2zbjl\">offrir ou se faire offrir un pr\u00e9sent aussi luxueux \u00e9tait chose rare et exceptionnelle. Ces porcelaines de tr\u00e8s grande qualit\u00e9 sortaient des fours de Jing-dezhen, au centre de la Chine. L\u00e0, \u00e9tait le meilleur kaolin utilis\u00e9 pour la production de la porcelaine imp\u00e9riale. Ces pi\u00e8ces n\u2019\u00e9taient pas du tout destin\u00e9es \u00e0 l\u2019exportation. Beaucoup trop raffin\u00e9es pour \u00eatre vendues hors de Chine. Les Europ\u00e9ens ne les ont d\u00e9couvertes qu\u2019\u00e0 la fin de la dynastie imp\u00e9riale, au d\u00e9but du XXe si\u00e8cle.<\/span><\/span><\/h6>\n<h6><span class=\"htmltextroot2zbjl\"><span lang=\"FR\">On n\u2019utilisait pas cette vaisselle pour y mettre de la nourriture, mais comme objet d\u2019apparat, sur un meuble. Pourtant, leurs auteurs, consid\u00e9r\u00e9s comme de simples artisans, rest\u00e8rent totalement anonymes.<\/span><\/span><\/h6>\n<p>&nbsp;<\/p>\n<p>&nbsp;<\/p>\n","protected":false},"excerpt":{"rendered":"<div>\n<p class=\"Normalbodytext\"><span lang=\"FR\">Ces deux coupes libatoires portent la marque dynastique de l\u2019empereur Tshing-Hoa (1465 1488).<\/span><\/p>\n<\/div>\n<div>\n<p class=\"Normalbodytext\"><span lang=\"FR\">Cette paire de coupe est rare et de tr\u00e8s grande qualit\u00e9 les d\u00e9cors aux poissons sont particuli\u00e8rement recherch\u00e9s. <\/span><span lang=\"FR\">Les poissons sont symbole de richesse. Une paire de poissons symbolise le bonheur et la fertilit\u00e9 conjugale.<\/span><\/p>\n<\/div>\n<div><span lang=\"FR\">Ici le d\u00e9cor est d\u00e9licat et finement ex\u00e9cut\u00e9. Les poissons \u00e9voluent dans un d\u00e9cor lacustre entour\u00e9s de plantes et de fleur de lotus. L\u2019int\u00e9rieur est d\u00e9cor\u00e9 au centre d\u2019une repr\u00e9sentation de flore des fonds de rivi\u00e8res et d\u2019une fleur de lotus \u00e9panouie. Une frise de <i>ruyi<\/i> \u00e0 3 couleurs d\u00e9core le bord sup\u00e9rieur \u00e0 int\u00e9rieur de chaque coupe.<\/span><\/div>\n<div><\/div>\n<div>\n<p>Hauteur :\u00a0 8.5 cm, diam\u00e8tre\u00a0:\u00a0 12 cm<\/p>\n<p>Parfait \u00e9tat.\u00a0La paire 890 euros<\/p>\n<\/div>\n","protected":false},"featured_media":2448,"template":"","meta":{"site-sidebar-layout":"default","site-content-layout":"default","ast-site-content-layout":"default","site-content-style":"default","site-sidebar-style":"default","ast-global-header-display":"","ast-banner-title-visibility":"","ast-main-header-display":"","ast-hfb-above-header-display":"","ast-hfb-below-header-display":"","ast-hfb-mobile-header-display":"","site-post-title":"","ast-breadcrumbs-content":"","ast-featured-img":"","footer-sml-layout":"","ast-disable-related-posts":"","theme-transparent-header-meta":"default","adv-header-id-meta":"","stick-header-meta":"","header-above-stick-meta":"","header-main-stick-meta":"","header-below-stick-meta":"","astra-migrate-meta-layouts":"default","ast-page-background-enabled":"default","ast-page-background-meta":{"desktop":{"background-color":"","background-image":"","background-repeat":"repeat","background-position":"center center","background-size":"auto","background-attachment":"scroll","background-type":"","background-media":"","overlay-type":"","overlay-color":"","overlay-opacity":"","overlay-gradient":""},"tablet":{"background-color":"","background-image":"","background-repeat":"repeat","background-position":"center center","background-size":"auto","background-attachment":"scroll","background-type":"","background-media":"","overlay-type":"","overlay-color":"","overlay-opacity":"","overlay-gradient":""},"mobile":{"background-color":"","background-image":"","background-repeat":"repeat","background-position":"center center","background-size":"auto","background-attachment":"scroll","background-type":"","background-media":"","overlay-type":"","overlay-color":"","overlay-opacity":"","overlay-gradient":""}},"ast-content-background-meta":{"desktop":{"background-color":"var(--ast-global-color-5)","background-image":"","background-repeat":"repeat","background-position":"center center","background-size":"auto","background-attachment":"scroll","background-type":"","background-media":"","overlay-type":"","overlay-color":"","overlay-opacity":"","overlay-gradient":""},"tablet":{"background-color":"var(--ast-global-color-5)","background-image":"","background-repeat":"repeat","background-position":"center center","background-size":"auto","background-attachment":"scroll","background-type":"","background-media":"","overlay-type":"","overlay-color":"","overlay-opacity":"","overlay-gradient":""},"mobile":{"background-color":"var(--ast-global-color-5)","background-image":"","background-repeat":"repeat","background-position":"center center","background-size":"auto","background-attachment":"scroll","background-type":"","background-media":"","overlay-type":"","overlay-color":"","overlay-opacity":"","overlay-gradient":""}}},"product_brand":[],"product_cat":[56,21],"product_tag":[],"class_list":{"0":"post-2449","1":"product","2":"type-product","3":"status-publish","4":"has-post-thumbnail","6":"product_cat-porcelaine-wu-cai","7":"product_cat-porcelaine","8":"product_shipping_class-medium","9":"desktop-align-left","10":"tablet-align-left","11":"mobile-align-left","13":"first","14":"instock","15":"sold-individually","16":"shipping-taxable","17":"purchasable","18":"product-type-simple"},"yoast_head":"<!-- This site is optimized with the Yoast SEO plugin v24.8.1 - https:\/\/yoast.com\/wordpress\/plugins\/seo\/ -->\n<title>Porcelaine Wu Cai N\u00b03 : Paire de coupe libatoire \u00e0 d\u00e9cors de poissons - Le cabinet de curiosit\u00e9s<\/title>\n<meta name=\"robots\" content=\"index, follow, max-snippet:-1, max-image-preview:large, max-video-preview:-1\" \/>\n<link rel=\"canonical\" href=\"https:\/\/curiosites.lmparis.fr\/index.php\/produit\/porcelaine-wu-cai-n3-paire-de-coupe-libatoire-a-decors-de-poissons\/\" \/>\n<meta property=\"og:locale\" content=\"fr_FR\" \/>\n<meta property=\"og:type\" content=\"article\" \/>\n<meta property=\"og:title\" content=\"Porcelaine Wu Cai N\u00b03 : Paire de coupe libatoire \u00e0 d\u00e9cors de poissons - Le cabinet de curiosit\u00e9s\" \/>\n<meta property=\"og:description\" content=\"Ces deux coupes libatoires portent la marque dynastique de l\u2019empereur Tshing-Hoa (1465 1488).    Cette paire de coupe est rare et de tr\u00e8s grande qualit\u00e9 les d\u00e9cors aux poissons sont particuli\u00e8rement recherch\u00e9s. Les poissons sont symbole de richesse. Une paire de poissons symbolise le bonheur et la fertilit\u00e9 conjugale.   Ici le d\u00e9cor est d\u00e9licat et finement ex\u00e9cut\u00e9. Les poissons \u00e9voluent dans un d\u00e9cor lacustre entour\u00e9s de plantes et de fleur de lotus. L\u2019int\u00e9rieur est d\u00e9cor\u00e9 au centre d\u2019une repr\u00e9sentation de flore des fonds de rivi\u00e8res et d\u2019une fleur de lotus \u00e9panouie. Une frise de ruyi \u00e0 3 couleurs d\u00e9core le bord sup\u00e9rieur \u00e0 int\u00e9rieur de chaque coupe.    Hauteur :\u00a0 8.5 cm, diam\u00e8tre\u00a0:\u00a0 12 cm  Parfait \u00e9tat.\u00a0La paire 890 euros\" \/>\n<meta property=\"og:url\" content=\"https:\/\/curiosites.lmparis.fr\/index.php\/produit\/porcelaine-wu-cai-n3-paire-de-coupe-libatoire-a-decors-de-poissons\/\" \/>\n<meta property=\"og:site_name\" content=\"Le cabinet de curiosit\u00e9s\" \/>\n<meta property=\"article:modified_time\" content=\"2021-01-25T15:40:54+00:00\" \/>\n<meta property=\"og:image\" content=\"https:\/\/curiosites.lmparis.fr\/wp-content\/uploads\/2021\/01\/Porcelaine-Wucai_n3_13.jpeg\" \/>\n\t<meta property=\"og:image:width\" content=\"1280\" \/>\n\t<meta property=\"og:image:height\" content=\"1280\" \/>\n\t<meta property=\"og:image:type\" content=\"image\/jpeg\" \/>\n<meta name=\"twitter:card\" content=\"summary_large_image\" \/>\n<meta name=\"twitter:label1\" content=\"Dur\u00e9e de lecture estim\u00e9e\" \/>\n\t<meta name=\"twitter:data1\" content=\"2 minutes\" \/>\n<script type=\"application\/ld+json\" class=\"yoast-schema-graph\">{\"@context\":\"https:\/\/schema.org\",\"@graph\":[{\"@type\":\"WebPage\",\"@id\":\"https:\/\/curiosites.lmparis.fr\/index.php\/produit\/porcelaine-wu-cai-n3-paire-de-coupe-libatoire-a-decors-de-poissons\/\",\"url\":\"https:\/\/curiosites.lmparis.fr\/index.php\/produit\/porcelaine-wu-cai-n3-paire-de-coupe-libatoire-a-decors-de-poissons\/\",\"name\":\"Porcelaine Wu Cai N\u00b03 : Paire de coupe libatoire \u00e0 d\u00e9cors de poissons - Le cabinet de curiosit\u00e9s\",\"isPartOf\":{\"@id\":\"https:\/\/curiosites.lmparis.fr\/#website\"},\"primaryImageOfPage\":{\"@id\":\"https:\/\/curiosites.lmparis.fr\/index.php\/produit\/porcelaine-wu-cai-n3-paire-de-coupe-libatoire-a-decors-de-poissons\/#primaryimage\"},\"image\":{\"@id\":\"https:\/\/curiosites.lmparis.fr\/index.php\/produit\/porcelaine-wu-cai-n3-paire-de-coupe-libatoire-a-decors-de-poissons\/#primaryimage\"},\"thumbnailUrl\":\"https:\/\/curiosites.lmparis.fr\/wp-content\/uploads\/2021\/01\/Porcelaine-Wucai_n3_13.jpeg\",\"datePublished\":\"2021-01-23T17:29:16+00:00\",\"dateModified\":\"2021-01-25T15:40:54+00:00\",\"breadcrumb\":{\"@id\":\"https:\/\/curiosites.lmparis.fr\/index.php\/produit\/porcelaine-wu-cai-n3-paire-de-coupe-libatoire-a-decors-de-poissons\/#breadcrumb\"},\"inLanguage\":\"fr-FR\",\"potentialAction\":[{\"@type\":\"ReadAction\",\"target\":[\"https:\/\/curiosites.lmparis.fr\/index.php\/produit\/porcelaine-wu-cai-n3-paire-de-coupe-libatoire-a-decors-de-poissons\/\"]}]},{\"@type\":\"ImageObject\",\"inLanguage\":\"fr-FR\",\"@id\":\"https:\/\/curiosites.lmparis.fr\/index.php\/produit\/porcelaine-wu-cai-n3-paire-de-coupe-libatoire-a-decors-de-poissons\/#primaryimage\",\"url\":\"https:\/\/curiosites.lmparis.fr\/wp-content\/uploads\/2021\/01\/Porcelaine-Wucai_n3_13.jpeg\",\"contentUrl\":\"https:\/\/curiosites.lmparis.fr\/wp-content\/uploads\/2021\/01\/Porcelaine-Wucai_n3_13.jpeg\",\"width\":1280,\"height\":1280},{\"@type\":\"BreadcrumbList\",\"@id\":\"https:\/\/curiosites.lmparis.fr\/index.php\/produit\/porcelaine-wu-cai-n3-paire-de-coupe-libatoire-a-decors-de-poissons\/#breadcrumb\",\"itemListElement\":[{\"@type\":\"ListItem\",\"position\":1,\"name\":\"Accueil\",\"item\":\"https:\/\/curiosites.lmparis.fr\/\"},{\"@type\":\"ListItem\",\"position\":2,\"name\":\"Boutique\",\"item\":\"https:\/\/curiosites.lmparis.fr\/index.php\/boutique\/\"},{\"@type\":\"ListItem\",\"position\":3,\"name\":\"Porcelaine Wu Cai N\u00b03 : Paire de coupe libatoire \u00e0 d\u00e9cors de poissons\"}]},{\"@type\":\"WebSite\",\"@id\":\"https:\/\/curiosites.lmparis.fr\/#website\",\"url\":\"https:\/\/curiosites.lmparis.fr\/\",\"name\":\"Le cabinet de curiosit\u00e9s\",\"description\":\"art, objets d&#039;art , antiquit\u00e9s. objet de curiosit\u00e9s, porcelaines\",\"publisher\":{\"@id\":\"https:\/\/curiosites.lmparis.fr\/#\/schema\/person\/cda334754a2494b4fabed1f26b450aea\"},\"potentialAction\":[{\"@type\":\"SearchAction\",\"target\":{\"@type\":\"EntryPoint\",\"urlTemplate\":\"https:\/\/curiosites.lmparis.fr\/?s={search_term_string}\"},\"query-input\":{\"@type\":\"PropertyValueSpecification\",\"valueRequired\":true,\"valueName\":\"search_term_string\"}}],\"inLanguage\":\"fr-FR\"},{\"@type\":[\"Person\",\"Organization\"],\"@id\":\"https:\/\/curiosites.lmparis.fr\/#\/schema\/person\/cda334754a2494b4fabed1f26b450aea\",\"name\":\"akolangTo\",\"image\":{\"@type\":\"ImageObject\",\"inLanguage\":\"fr-FR\",\"@id\":\"https:\/\/curiosites.lmparis.fr\/#\/schema\/person\/image\/\",\"url\":\"https:\/\/curiosites.lmparis.fr\/wp-content\/uploads\/2020\/11\/blue-on-white-logo-160.png\",\"contentUrl\":\"https:\/\/curiosites.lmparis.fr\/wp-content\/uploads\/2020\/11\/blue-on-white-logo-160.png\",\"width\":160,\"height\":160,\"caption\":\"akolangTo\"},\"logo\":{\"@id\":\"https:\/\/curiosites.lmparis.fr\/#\/schema\/person\/image\/\"}}]}<\/script>\n<!-- \/ Yoast SEO plugin. -->","yoast_head_json":{"title":"Porcelaine Wu Cai N\u00b03 : Paire de coupe libatoire \u00e0 d\u00e9cors de poissons - Le cabinet de curiosit\u00e9s","robots":{"index":"index","follow":"follow","max-snippet":"max-snippet:-1","max-image-preview":"max-image-preview:large","max-video-preview":"max-video-preview:-1"},"canonical":"https:\/\/curiosites.lmparis.fr\/index.php\/produit\/porcelaine-wu-cai-n3-paire-de-coupe-libatoire-a-decors-de-poissons\/","og_locale":"fr_FR","og_type":"article","og_title":"Porcelaine Wu Cai N\u00b03 : Paire de coupe libatoire \u00e0 d\u00e9cors de poissons - Le cabinet de curiosit\u00e9s","og_description":"Ces deux coupes libatoires portent la marque dynastique de l\u2019empereur Tshing-Hoa (1465 1488).    Cette paire de coupe est rare et de tr\u00e8s grande qualit\u00e9 les d\u00e9cors aux poissons sont particuli\u00e8rement recherch\u00e9s. Les poissons sont symbole de richesse. Une paire de poissons symbolise le bonheur et la fertilit\u00e9 conjugale.   Ici le d\u00e9cor est d\u00e9licat et finement ex\u00e9cut\u00e9. Les poissons \u00e9voluent dans un d\u00e9cor lacustre entour\u00e9s de plantes et de fleur de lotus. L\u2019int\u00e9rieur est d\u00e9cor\u00e9 au centre d\u2019une repr\u00e9sentation de flore des fonds de rivi\u00e8res et d\u2019une fleur de lotus \u00e9panouie. Une frise de ruyi \u00e0 3 couleurs d\u00e9core le bord sup\u00e9rieur \u00e0 int\u00e9rieur de chaque coupe.    Hauteur :\u00a0 8.5 cm, diam\u00e8tre\u00a0:\u00a0 12 cm  Parfait \u00e9tat.\u00a0La paire 890 euros","og_url":"https:\/\/curiosites.lmparis.fr\/index.php\/produit\/porcelaine-wu-cai-n3-paire-de-coupe-libatoire-a-decors-de-poissons\/","og_site_name":"Le cabinet de curiosit\u00e9s","article_modified_time":"2021-01-25T15:40:54+00:00","og_image":[{"width":1280,"height":1280,"url":"https:\/\/curiosites.lmparis.fr\/wp-content\/uploads\/2021\/01\/Porcelaine-Wucai_n3_13.jpeg","type":"image\/jpeg"}],"twitter_card":"summary_large_image","twitter_misc":{"Dur\u00e9e de lecture estim\u00e9e":"2 minutes"},"schema":{"@context":"https:\/\/schema.org","@graph":[{"@type":"WebPage","@id":"https:\/\/curiosites.lmparis.fr\/index.php\/produit\/porcelaine-wu-cai-n3-paire-de-coupe-libatoire-a-decors-de-poissons\/","url":"https:\/\/curiosites.lmparis.fr\/index.php\/produit\/porcelaine-wu-cai-n3-paire-de-coupe-libatoire-a-decors-de-poissons\/","name":"Porcelaine Wu Cai N\u00b03 : Paire de coupe libatoire \u00e0 d\u00e9cors de poissons - Le cabinet de curiosit\u00e9s","isPartOf":{"@id":"https:\/\/curiosites.lmparis.fr\/#website"},"primaryImageOfPage":{"@id":"https:\/\/curiosites.lmparis.fr\/index.php\/produit\/porcelaine-wu-cai-n3-paire-de-coupe-libatoire-a-decors-de-poissons\/#primaryimage"},"image":{"@id":"https:\/\/curiosites.lmparis.fr\/index.php\/produit\/porcelaine-wu-cai-n3-paire-de-coupe-libatoire-a-decors-de-poissons\/#primaryimage"},"thumbnailUrl":"https:\/\/curiosites.lmparis.fr\/wp-content\/uploads\/2021\/01\/Porcelaine-Wucai_n3_13.jpeg","datePublished":"2021-01-23T17:29:16+00:00","dateModified":"2021-01-25T15:40:54+00:00","breadcrumb":{"@id":"https:\/\/curiosites.lmparis.fr\/index.php\/produit\/porcelaine-wu-cai-n3-paire-de-coupe-libatoire-a-decors-de-poissons\/#breadcrumb"},"inLanguage":"fr-FR","potentialAction":[{"@type":"ReadAction","target":["https:\/\/curiosites.lmparis.fr\/index.php\/produit\/porcelaine-wu-cai-n3-paire-de-coupe-libatoire-a-decors-de-poissons\/"]}]},{"@type":"ImageObject","inLanguage":"fr-FR","@id":"https:\/\/curiosites.lmparis.fr\/index.php\/produit\/porcelaine-wu-cai-n3-paire-de-coupe-libatoire-a-decors-de-poissons\/#primaryimage","url":"https:\/\/curiosites.lmparis.fr\/wp-content\/uploads\/2021\/01\/Porcelaine-Wucai_n3_13.jpeg","contentUrl":"https:\/\/curiosites.lmparis.fr\/wp-content\/uploads\/2021\/01\/Porcelaine-Wucai_n3_13.jpeg","width":1280,"height":1280},{"@type":"BreadcrumbList","@id":"https:\/\/curiosites.lmparis.fr\/index.php\/produit\/porcelaine-wu-cai-n3-paire-de-coupe-libatoire-a-decors-de-poissons\/#breadcrumb","itemListElement":[{"@type":"ListItem","position":1,"name":"Accueil","item":"https:\/\/curiosites.lmparis.fr\/"},{"@type":"ListItem","position":2,"name":"Boutique","item":"https:\/\/curiosites.lmparis.fr\/index.php\/boutique\/"},{"@type":"ListItem","position":3,"name":"Porcelaine Wu Cai N\u00b03 : Paire de coupe libatoire \u00e0 d\u00e9cors de poissons"}]},{"@type":"WebSite","@id":"https:\/\/curiosites.lmparis.fr\/#website","url":"https:\/\/curiosites.lmparis.fr\/","name":"Le cabinet de curiosit\u00e9s","description":"art, objets d&#039;art , antiquit\u00e9s. objet de curiosit\u00e9s, porcelaines","publisher":{"@id":"https:\/\/curiosites.lmparis.fr\/#\/schema\/person\/cda334754a2494b4fabed1f26b450aea"},"potentialAction":[{"@type":"SearchAction","target":{"@type":"EntryPoint","urlTemplate":"https:\/\/curiosites.lmparis.fr\/?s={search_term_string}"},"query-input":{"@type":"PropertyValueSpecification","valueRequired":true,"valueName":"search_term_string"}}],"inLanguage":"fr-FR"},{"@type":["Person","Organization"],"@id":"https:\/\/curiosites.lmparis.fr\/#\/schema\/person\/cda334754a2494b4fabed1f26b450aea","name":"akolangTo","image":{"@type":"ImageObject","inLanguage":"fr-FR","@id":"https:\/\/curiosites.lmparis.fr\/#\/schema\/person\/image\/","url":"https:\/\/curiosites.lmparis.fr\/wp-content\/uploads\/2020\/11\/blue-on-white-logo-160.png","contentUrl":"https:\/\/curiosites.lmparis.fr\/wp-content\/uploads\/2020\/11\/blue-on-white-logo-160.png","width":160,"height":160,"caption":"akolangTo"},"logo":{"@id":"https:\/\/curiosites.lmparis.fr\/#\/schema\/person\/image\/"}}]}},"jetpack_sharing_enabled":true,"_links":{"self":[{"href":"https:\/\/curiosites.lmparis.fr\/index.php\/wp-json\/wp\/v2\/product\/2449","targetHints":{"allow":["GET"]}}],"collection":[{"href":"https:\/\/curiosites.lmparis.fr\/index.php\/wp-json\/wp\/v2\/product"}],"about":[{"href":"https:\/\/curiosites.lmparis.fr\/index.php\/wp-json\/wp\/v2\/types\/product"}],"wp:featuredmedia":[{"embeddable":true,"href":"https:\/\/curiosites.lmparis.fr\/index.php\/wp-json\/wp\/v2\/media\/2448"}],"wp:attachment":[{"href":"https:\/\/curiosites.lmparis.fr\/index.php\/wp-json\/wp\/v2\/media?parent=2449"}],"wp:term":[{"taxonomy":"product_brand","embeddable":true,"href":"https:\/\/curiosites.lmparis.fr\/index.php\/wp-json\/wp\/v2\/product_brand?post=2449"},{"taxonomy":"product_cat","embeddable":true,"href":"https:\/\/curiosites.lmparis.fr\/index.php\/wp-json\/wp\/v2\/product_cat?post=2449"},{"taxonomy":"product_tag","embeddable":true,"href":"https:\/\/curiosites.lmparis.fr\/index.php\/wp-json\/wp\/v2\/product_tag?post=2449"}],"curies":[{"name":"wp","href":"https:\/\/api.w.org\/{rel}","templated":true}]}}