{"id":2316,"date":"2020-12-27T17:57:54","date_gmt":"2020-12-27T16:57:54","guid":{"rendered":"http:\/\/curiosites.lmparis.fr\/?post_type=product&#038;p=2316"},"modified":"2022-02-13T13:22:50","modified_gmt":"2022-02-13T12:22:50","slug":"pendentifs-argent-premier-titre-925-1000-et-agates-mousses","status":"publish","type":"product","link":"https:\/\/curiosites.lmparis.fr\/index.php\/produit\/pendentifs-argent-premier-titre-925-1000-et-agates-mousses\/","title":{"rendered":"Pierre de R\u00eaves, pendentifs argent premier titre (925\/1000) et Agates mousses."},"content":{"rendered":"","protected":false},"excerpt":{"rendered":"<p><em>\u00ab\u00a0Lorsque j\u2019ai d\u00e9couvert ces pierres, mon esprit c\u2019est envol\u00e9 et j\u2019ai commenc\u00e9 \u00e0 vagabonder dans un d\u00e9cor v\u00e9g\u00e9tal. Mais il n\u2019y a aucune trace de v\u00e9g\u00e9taux ce sont des inclusions min\u00e9rales qui cr\u00e9ent ces abstractions po\u00e9tiques.<\/em><\/p>\n<p><em>Il est fascinant de rapprocher ce travail de la nature de celui de grands artistes de l\u2019abstraction comme ZAO WOU KI.<\/em><\/p>\n<p><em>Ces pierres que j\u2019aime appeler \u00ab <strong>pierre de r\u00eaves<\/strong>\u00a0\u00bb sont pour moi des aides pour nos moments de m\u00e9ditations les observer, les d\u00e9couvrir, nous invite \u00e0 un voyage onirique, paisible et apaisant\u00a0\u00bb&#8230;&#8230; Patrick Lionnet<\/em><\/p>\n<p>Les fermoirs et les sertissures des pendentifs qui tiennent les pierres en argent 925 \/1000 un cordon tiss\u00e9 triple, d\u2019une belle longueur (57 cm) supporte le pendentif et lui donne ainsi de l\u2019\u00e9l\u00e9gance lorsqu\u2019il est port\u00e9.<\/p>\n<p>Le diam\u00e8tre de chaque pierre est diff\u00e9rent mais je pense que le paysage sera le guide de votre pr\u00e9f\u00e9rence voil\u00e0 pourquoi nous avons un prix unique par objet (cordon, fermoir et pendentif).<\/p>\n<p>Prix par collier bijoux\u00a0: 198 Euros.<\/p>\n","protected":false},"featured_media":2315,"template":"","meta":{"site-sidebar-layout":"default","site-content-layout":"default","ast-site-content-layout":"default","site-content-style":"default","site-sidebar-style":"default","ast-global-header-display":"","ast-banner-title-visibility":"","ast-main-header-display":"","ast-hfb-above-header-display":"","ast-hfb-below-header-display":"","ast-hfb-mobile-header-display":"","site-post-title":"","ast-breadcrumbs-content":"","ast-featured-img":"","footer-sml-layout":"","ast-disable-related-posts":"","theme-transparent-header-meta":"default","adv-header-id-meta":"","stick-header-meta":"","header-above-stick-meta":"","header-main-stick-meta":"","header-below-stick-meta":"","astra-migrate-meta-layouts":"default","ast-page-background-enabled":"default","ast-page-background-meta":{"desktop":{"background-color":"","background-image":"","background-repeat":"repeat","background-position":"center center","background-size":"auto","background-attachment":"scroll","background-type":"","background-media":"","overlay-type":"","overlay-color":"","overlay-opacity":"","overlay-gradient":""},"tablet":{"background-color":"","background-image":"","background-repeat":"repeat","background-position":"center center","background-size":"auto","background-attachment":"scroll","background-type":"","background-media":"","overlay-type":"","overlay-color":"","overlay-opacity":"","overlay-gradient":""},"mobile":{"background-color":"","background-image":"","background-repeat":"repeat","background-position":"center center","background-size":"auto","background-attachment":"scroll","background-type":"","background-media":"","overlay-type":"","overlay-color":"","overlay-opacity":"","overlay-gradient":""}},"ast-content-background-meta":{"desktop":{"background-color":"var(--ast-global-color-5)","background-image":"","background-repeat":"repeat","background-position":"center center","background-size":"auto","background-attachment":"scroll","background-type":"","background-media":"","overlay-type":"","overlay-color":"","overlay-opacity":"","overlay-gradient":""},"tablet":{"background-color":"var(--ast-global-color-5)","background-image":"","background-repeat":"repeat","background-position":"center center","background-size":"auto","background-attachment":"scroll","background-type":"","background-media":"","overlay-type":"","overlay-color":"","overlay-opacity":"","overlay-gradient":""},"mobile":{"background-color":"var(--ast-global-color-5)","background-image":"","background-repeat":"repeat","background-position":"center center","background-size":"auto","background-attachment":"scroll","background-type":"","background-media":"","overlay-type":"","overlay-color":"","overlay-opacity":"","overlay-gradient":""}}},"product_brand":[],"product_cat":[50],"product_tag":[],"class_list":{"0":"post-2316","1":"product","2":"type-product","3":"status-publish","4":"has-post-thumbnail","6":"product_cat-bijoux","7":"product_shipping_class-pochette","8":"desktop-align-left","9":"tablet-align-left","10":"mobile-align-left","12":"first","13":"instock","14":"sold-individually","15":"shipping-taxable","16":"purchasable","17":"product-type-variable"},"yoast_head":"<!-- This site is optimized with the Yoast SEO plugin v24.8.1 - https:\/\/yoast.com\/wordpress\/plugins\/seo\/ -->\n<title>Pierre de R\u00eaves, pendentifs argent premier titre (925\/1000) et Agates mousses. - Le cabinet de curiosit\u00e9s<\/title>\n<meta name=\"robots\" content=\"index, follow, max-snippet:-1, max-image-preview:large, max-video-preview:-1\" \/>\n<link rel=\"canonical\" href=\"https:\/\/curiosites.lmparis.fr\/index.php\/produit\/pendentifs-argent-premier-titre-925-1000-et-agates-mousses\/\" \/>\n<meta property=\"og:locale\" content=\"fr_FR\" \/>\n<meta property=\"og:type\" content=\"article\" \/>\n<meta property=\"og:title\" content=\"Pierre de R\u00eaves, pendentifs argent premier titre (925\/1000) et Agates mousses. - Le cabinet de curiosit\u00e9s\" \/>\n<meta property=\"og:description\" content=\"&quot;Lorsque j\u2019ai d\u00e9couvert ces pierres, mon esprit c\u2019est envol\u00e9 et j\u2019ai commenc\u00e9 \u00e0 vagabonder dans un d\u00e9cor v\u00e9g\u00e9tal. Mais il n\u2019y a aucune trace de v\u00e9g\u00e9taux ce sont des inclusions min\u00e9rales qui cr\u00e9ent ces abstractions po\u00e9tiques.  Il est fascinant de rapprocher ce travail de la nature de celui de grands artistes de l\u2019abstraction comme ZAO WOU KI.  Ces pierres que j\u2019aime appeler \u00ab pierre de r\u00eaves\u00a0\u00bb sont pour moi des aides pour nos moments de m\u00e9ditations les observer, les d\u00e9couvrir, nous invite \u00e0 un voyage onirique, paisible et apaisant&quot;...... Patrick Lionnet  Les fermoirs et les sertissures des pendentifs qui tiennent les pierres en argent 925 \/1000 un cordon tiss\u00e9 triple, d\u2019une belle longueur (57 cm) supporte le pendentif et lui donne ainsi de l\u2019\u00e9l\u00e9gance lorsqu\u2019il est port\u00e9.  Le diam\u00e8tre de chaque pierre est diff\u00e9rent mais je pense que le paysage sera le guide de votre pr\u00e9f\u00e9rence voil\u00e0 pourquoi nous avons un prix unique par objet (cordon, fermoir et pendentif).  Prix par collier bijoux\u00a0: 198 Euros.\" \/>\n<meta property=\"og:url\" content=\"https:\/\/curiosites.lmparis.fr\/index.php\/produit\/pendentifs-argent-premier-titre-925-1000-et-agates-mousses\/\" \/>\n<meta property=\"og:site_name\" content=\"Le cabinet de curiosit\u00e9s\" \/>\n<meta property=\"article:modified_time\" content=\"2022-02-13T12:22:50+00:00\" \/>\n<meta property=\"og:image\" content=\"https:\/\/curiosites.lmparis.fr\/wp-content\/uploads\/2020\/12\/Pendentif-pierre-de-reves_-18.jpeg\" \/>\n\t<meta property=\"og:image:width\" content=\"1280\" \/>\n\t<meta property=\"og:image:height\" content=\"1280\" \/>\n\t<meta property=\"og:image:type\" content=\"image\/jpeg\" \/>\n<meta name=\"twitter:card\" content=\"summary_large_image\" \/>\n<script type=\"application\/ld+json\" class=\"yoast-schema-graph\">{\"@context\":\"https:\/\/schema.org\",\"@graph\":[{\"@type\":\"WebPage\",\"@id\":\"https:\/\/curiosites.lmparis.fr\/index.php\/produit\/pendentifs-argent-premier-titre-925-1000-et-agates-mousses\/\",\"url\":\"https:\/\/curiosites.lmparis.fr\/index.php\/produit\/pendentifs-argent-premier-titre-925-1000-et-agates-mousses\/\",\"name\":\"Pierre de R\u00eaves, pendentifs argent premier titre (925\/1000) et Agates mousses. - Le cabinet de curiosit\u00e9s\",\"isPartOf\":{\"@id\":\"https:\/\/curiosites.lmparis.fr\/#website\"},\"primaryImageOfPage\":{\"@id\":\"https:\/\/curiosites.lmparis.fr\/index.php\/produit\/pendentifs-argent-premier-titre-925-1000-et-agates-mousses\/#primaryimage\"},\"image\":{\"@id\":\"https:\/\/curiosites.lmparis.fr\/index.php\/produit\/pendentifs-argent-premier-titre-925-1000-et-agates-mousses\/#primaryimage\"},\"thumbnailUrl\":\"https:\/\/curiosites.lmparis.fr\/wp-content\/uploads\/2020\/12\/Pendentif-pierre-de-reves_-18.jpeg\",\"datePublished\":\"2020-12-27T16:57:54+00:00\",\"dateModified\":\"2022-02-13T12:22:50+00:00\",\"breadcrumb\":{\"@id\":\"https:\/\/curiosites.lmparis.fr\/index.php\/produit\/pendentifs-argent-premier-titre-925-1000-et-agates-mousses\/#breadcrumb\"},\"inLanguage\":\"fr-FR\",\"potentialAction\":[{\"@type\":\"ReadAction\",\"target\":[\"https:\/\/curiosites.lmparis.fr\/index.php\/produit\/pendentifs-argent-premier-titre-925-1000-et-agates-mousses\/\"]}]},{\"@type\":\"ImageObject\",\"inLanguage\":\"fr-FR\",\"@id\":\"https:\/\/curiosites.lmparis.fr\/index.php\/produit\/pendentifs-argent-premier-titre-925-1000-et-agates-mousses\/#primaryimage\",\"url\":\"https:\/\/curiosites.lmparis.fr\/wp-content\/uploads\/2020\/12\/Pendentif-pierre-de-reves_-18.jpeg\",\"contentUrl\":\"https:\/\/curiosites.lmparis.fr\/wp-content\/uploads\/2020\/12\/Pendentif-pierre-de-reves_-18.jpeg\",\"width\":1280,\"height\":1280},{\"@type\":\"BreadcrumbList\",\"@id\":\"https:\/\/curiosites.lmparis.fr\/index.php\/produit\/pendentifs-argent-premier-titre-925-1000-et-agates-mousses\/#breadcrumb\",\"itemListElement\":[{\"@type\":\"ListItem\",\"position\":1,\"name\":\"Accueil\",\"item\":\"https:\/\/curiosites.lmparis.fr\/\"},{\"@type\":\"ListItem\",\"position\":2,\"name\":\"Boutique\",\"item\":\"https:\/\/curiosites.lmparis.fr\/index.php\/boutique\/\"},{\"@type\":\"ListItem\",\"position\":3,\"name\":\"Pierre de R\u00eaves, pendentifs argent premier titre (925\/1000) et Agates mousses.\"}]},{\"@type\":\"WebSite\",\"@id\":\"https:\/\/curiosites.lmparis.fr\/#website\",\"url\":\"https:\/\/curiosites.lmparis.fr\/\",\"name\":\"Le cabinet de curiosit\u00e9s\",\"description\":\"art, objets d&#039;art , antiquit\u00e9s. objet de curiosit\u00e9s, porcelaines\",\"publisher\":{\"@id\":\"https:\/\/curiosites.lmparis.fr\/#\/schema\/person\/cda334754a2494b4fabed1f26b450aea\"},\"potentialAction\":[{\"@type\":\"SearchAction\",\"target\":{\"@type\":\"EntryPoint\",\"urlTemplate\":\"https:\/\/curiosites.lmparis.fr\/?s={search_term_string}\"},\"query-input\":{\"@type\":\"PropertyValueSpecification\",\"valueRequired\":true,\"valueName\":\"search_term_string\"}}],\"inLanguage\":\"fr-FR\"},{\"@type\":[\"Person\",\"Organization\"],\"@id\":\"https:\/\/curiosites.lmparis.fr\/#\/schema\/person\/cda334754a2494b4fabed1f26b450aea\",\"name\":\"akolangTo\",\"image\":{\"@type\":\"ImageObject\",\"inLanguage\":\"fr-FR\",\"@id\":\"https:\/\/curiosites.lmparis.fr\/#\/schema\/person\/image\/\",\"url\":\"https:\/\/curiosites.lmparis.fr\/wp-content\/uploads\/2020\/11\/blue-on-white-logo-160.png\",\"contentUrl\":\"https:\/\/curiosites.lmparis.fr\/wp-content\/uploads\/2020\/11\/blue-on-white-logo-160.png\",\"width\":160,\"height\":160,\"caption\":\"akolangTo\"},\"logo\":{\"@id\":\"https:\/\/curiosites.lmparis.fr\/#\/schema\/person\/image\/\"}}]}<\/script>\n<!-- \/ Yoast SEO plugin. -->","yoast_head_json":{"title":"Pierre de R\u00eaves, pendentifs argent premier titre (925\/1000) et Agates mousses. - Le cabinet de curiosit\u00e9s","robots":{"index":"index","follow":"follow","max-snippet":"max-snippet:-1","max-image-preview":"max-image-preview:large","max-video-preview":"max-video-preview:-1"},"canonical":"https:\/\/curiosites.lmparis.fr\/index.php\/produit\/pendentifs-argent-premier-titre-925-1000-et-agates-mousses\/","og_locale":"fr_FR","og_type":"article","og_title":"Pierre de R\u00eaves, pendentifs argent premier titre (925\/1000) et Agates mousses. - Le cabinet de curiosit\u00e9s","og_description":"\"Lorsque j\u2019ai d\u00e9couvert ces pierres, mon esprit c\u2019est envol\u00e9 et j\u2019ai commenc\u00e9 \u00e0 vagabonder dans un d\u00e9cor v\u00e9g\u00e9tal. Mais il n\u2019y a aucune trace de v\u00e9g\u00e9taux ce sont des inclusions min\u00e9rales qui cr\u00e9ent ces abstractions po\u00e9tiques.  Il est fascinant de rapprocher ce travail de la nature de celui de grands artistes de l\u2019abstraction comme ZAO WOU KI.  Ces pierres que j\u2019aime appeler \u00ab pierre de r\u00eaves\u00a0\u00bb sont pour moi des aides pour nos moments de m\u00e9ditations les observer, les d\u00e9couvrir, nous invite \u00e0 un voyage onirique, paisible et apaisant\"...... Patrick Lionnet  Les fermoirs et les sertissures des pendentifs qui tiennent les pierres en argent 925 \/1000 un cordon tiss\u00e9 triple, d\u2019une belle longueur (57 cm) supporte le pendentif et lui donne ainsi de l\u2019\u00e9l\u00e9gance lorsqu\u2019il est port\u00e9.  Le diam\u00e8tre de chaque pierre est diff\u00e9rent mais je pense que le paysage sera le guide de votre pr\u00e9f\u00e9rence voil\u00e0 pourquoi nous avons un prix unique par objet (cordon, fermoir et pendentif).  Prix par collier bijoux\u00a0: 198 Euros.","og_url":"https:\/\/curiosites.lmparis.fr\/index.php\/produit\/pendentifs-argent-premier-titre-925-1000-et-agates-mousses\/","og_site_name":"Le cabinet de curiosit\u00e9s","article_modified_time":"2022-02-13T12:22:50+00:00","og_image":[{"width":1280,"height":1280,"url":"https:\/\/curiosites.lmparis.fr\/wp-content\/uploads\/2020\/12\/Pendentif-pierre-de-reves_-18.jpeg","type":"image\/jpeg"}],"twitter_card":"summary_large_image","schema":{"@context":"https:\/\/schema.org","@graph":[{"@type":"WebPage","@id":"https:\/\/curiosites.lmparis.fr\/index.php\/produit\/pendentifs-argent-premier-titre-925-1000-et-agates-mousses\/","url":"https:\/\/curiosites.lmparis.fr\/index.php\/produit\/pendentifs-argent-premier-titre-925-1000-et-agates-mousses\/","name":"Pierre de R\u00eaves, pendentifs argent premier titre (925\/1000) et Agates mousses. - Le cabinet de curiosit\u00e9s","isPartOf":{"@id":"https:\/\/curiosites.lmparis.fr\/#website"},"primaryImageOfPage":{"@id":"https:\/\/curiosites.lmparis.fr\/index.php\/produit\/pendentifs-argent-premier-titre-925-1000-et-agates-mousses\/#primaryimage"},"image":{"@id":"https:\/\/curiosites.lmparis.fr\/index.php\/produit\/pendentifs-argent-premier-titre-925-1000-et-agates-mousses\/#primaryimage"},"thumbnailUrl":"https:\/\/curiosites.lmparis.fr\/wp-content\/uploads\/2020\/12\/Pendentif-pierre-de-reves_-18.jpeg","datePublished":"2020-12-27T16:57:54+00:00","dateModified":"2022-02-13T12:22:50+00:00","breadcrumb":{"@id":"https:\/\/curiosites.lmparis.fr\/index.php\/produit\/pendentifs-argent-premier-titre-925-1000-et-agates-mousses\/#breadcrumb"},"inLanguage":"fr-FR","potentialAction":[{"@type":"ReadAction","target":["https:\/\/curiosites.lmparis.fr\/index.php\/produit\/pendentifs-argent-premier-titre-925-1000-et-agates-mousses\/"]}]},{"@type":"ImageObject","inLanguage":"fr-FR","@id":"https:\/\/curiosites.lmparis.fr\/index.php\/produit\/pendentifs-argent-premier-titre-925-1000-et-agates-mousses\/#primaryimage","url":"https:\/\/curiosites.lmparis.fr\/wp-content\/uploads\/2020\/12\/Pendentif-pierre-de-reves_-18.jpeg","contentUrl":"https:\/\/curiosites.lmparis.fr\/wp-content\/uploads\/2020\/12\/Pendentif-pierre-de-reves_-18.jpeg","width":1280,"height":1280},{"@type":"BreadcrumbList","@id":"https:\/\/curiosites.lmparis.fr\/index.php\/produit\/pendentifs-argent-premier-titre-925-1000-et-agates-mousses\/#breadcrumb","itemListElement":[{"@type":"ListItem","position":1,"name":"Accueil","item":"https:\/\/curiosites.lmparis.fr\/"},{"@type":"ListItem","position":2,"name":"Boutique","item":"https:\/\/curiosites.lmparis.fr\/index.php\/boutique\/"},{"@type":"ListItem","position":3,"name":"Pierre de R\u00eaves, pendentifs argent premier titre (925\/1000) et Agates mousses."}]},{"@type":"WebSite","@id":"https:\/\/curiosites.lmparis.fr\/#website","url":"https:\/\/curiosites.lmparis.fr\/","name":"Le cabinet de curiosit\u00e9s","description":"art, objets d&#039;art , antiquit\u00e9s. objet de curiosit\u00e9s, porcelaines","publisher":{"@id":"https:\/\/curiosites.lmparis.fr\/#\/schema\/person\/cda334754a2494b4fabed1f26b450aea"},"potentialAction":[{"@type":"SearchAction","target":{"@type":"EntryPoint","urlTemplate":"https:\/\/curiosites.lmparis.fr\/?s={search_term_string}"},"query-input":{"@type":"PropertyValueSpecification","valueRequired":true,"valueName":"search_term_string"}}],"inLanguage":"fr-FR"},{"@type":["Person","Organization"],"@id":"https:\/\/curiosites.lmparis.fr\/#\/schema\/person\/cda334754a2494b4fabed1f26b450aea","name":"akolangTo","image":{"@type":"ImageObject","inLanguage":"fr-FR","@id":"https:\/\/curiosites.lmparis.fr\/#\/schema\/person\/image\/","url":"https:\/\/curiosites.lmparis.fr\/wp-content\/uploads\/2020\/11\/blue-on-white-logo-160.png","contentUrl":"https:\/\/curiosites.lmparis.fr\/wp-content\/uploads\/2020\/11\/blue-on-white-logo-160.png","width":160,"height":160,"caption":"akolangTo"},"logo":{"@id":"https:\/\/curiosites.lmparis.fr\/#\/schema\/person\/image\/"}}]}},"jetpack_sharing_enabled":true,"_links":{"self":[{"href":"https:\/\/curiosites.lmparis.fr\/index.php\/wp-json\/wp\/v2\/product\/2316","targetHints":{"allow":["GET"]}}],"collection":[{"href":"https:\/\/curiosites.lmparis.fr\/index.php\/wp-json\/wp\/v2\/product"}],"about":[{"href":"https:\/\/curiosites.lmparis.fr\/index.php\/wp-json\/wp\/v2\/types\/product"}],"wp:featuredmedia":[{"embeddable":true,"href":"https:\/\/curiosites.lmparis.fr\/index.php\/wp-json\/wp\/v2\/media\/2315"}],"wp:attachment":[{"href":"https:\/\/curiosites.lmparis.fr\/index.php\/wp-json\/wp\/v2\/media?parent=2316"}],"wp:term":[{"taxonomy":"product_brand","embeddable":true,"href":"https:\/\/curiosites.lmparis.fr\/index.php\/wp-json\/wp\/v2\/product_brand?post=2316"},{"taxonomy":"product_cat","embeddable":true,"href":"https:\/\/curiosites.lmparis.fr\/index.php\/wp-json\/wp\/v2\/product_cat?post=2316"},{"taxonomy":"product_tag","embeddable":true,"href":"https:\/\/curiosites.lmparis.fr\/index.php\/wp-json\/wp\/v2\/product_tag?post=2316"}],"curies":[{"name":"wp","href":"https:\/\/api.w.org\/{rel}","templated":true}]}}