{"id":1705,"date":"2020-11-08T20:20:58","date_gmt":"2020-11-08T19:20:58","guid":{"rendered":"http:\/\/curiosites.lmparis.fr\/?post_type=product&#038;p=1705"},"modified":"2021-03-06T18:45:15","modified_gmt":"2021-03-06T17:45:15","slug":"jade-archaique-chinois-11","status":"publish","type":"product","link":"https:\/\/curiosites.lmparis.fr\/index.php\/produit\/jade-archaique-chinois-11\/","title":{"rendered":"Jade archa\u00efque chinois #11: Coupe de libation d\u00e9cor d\u2019un corps de lion dragon sculpt\u00e9."},"content":{"rendered":"<p><span style=\"color: #007cba;\"><strong>Les Jades dit archa\u00efques <\/strong><\/span>ont une existence dans la culture chinoise qui remonte \u00e0 5000 ans avant JC. Ces petites sculptures accompagnent la vie des personnes et les suivent dans leurs voyages dans l\u2019\u00e9ternit\u00e9. Souvent ce sont des repr\u00e9sentations chim\u00e9riques d\u2019animaux extraordinaires provenant des croyances et pratiques religieuses. Mais aussi certains de ces jades sont des marqueurs sociaux cadeaux de dignitaires \u00e0 des fonctionnaires ou accessoires vestimentaires boucle de ceinture broche pendentifs etc\u2026. Des verseuses ou des coupes de libations\u2026 En fonction des \u00e9poques de r\u00e9alisations le d\u00e9cor est plus ou moins identifiable certain sont d\u00e9cor\u00e9s de masques Tao\u00efstes, de dragons, de lions, de motifs d\u00e9coratifs sp\u00e9cifiques \u00e0 la p\u00e9riode Zhou, Tang ou des Waring states.<\/p>\n<p>La datation pr\u00e9cise est difficile car la technique du carbone14 ne peut pas \u00eatre utilis\u00e9e sur ces objets car ils sont tous en pierres. La qualit\u00e9 de la sculpture et la finesse du traitement donnent la possibilit\u00e9 de les situer dans le temps. Les plus simple et les moins \u00e9labor\u00e9s seront \u00e0 rapprocher de la pr\u00e9histoire. Chaque dynastie chinoise ayant d\u00e9velopp\u00e9 une esth\u00e9tique particuli\u00e8re et ce jusqu\u2019au Ming.<\/p>\n<p>Ceux que nous vous pr\u00e9sentons ici sont sans aucun doute ant\u00e9rieur aux Ming avant le 12\u00e8me si\u00e8cle.<\/p>\n<p>Dans tous les cas ces objets ont eu une fonction sociale importante soit dans la repr\u00e9sentation d\u2019un statut sociale soit religieux ou protecteur (talisman). La reprise d\u2019un d\u00e9cor d\u2019une \u00e9poque ant\u00e9rieure \u00e0 celle de la r\u00e9alisation n\u2019est pas faire acte de copiste dans la culture chinoise. En proc\u00e9dant ainsi l\u2019artiste rends honneur aux artistes qui l\u2019ont pr\u00e9c\u00e9d\u00e9 et \u00e0 son l\u2019h\u00e9ritage culturel.<\/p>\n","protected":false},"excerpt":{"rendered":"<p>Longueur: 8 cm \u00a0Largeur: 3.5 cm \u00a0Hauteur: 8 cm<\/p>\n<p>&nbsp;<\/p>\n","protected":false},"featured_media":1632,"template":"","meta":{"site-sidebar-layout":"default","site-content-layout":"default","ast-site-content-layout":"default","site-content-style":"default","site-sidebar-style":"default","ast-global-header-display":"","ast-banner-title-visibility":"","ast-main-header-display":"","ast-hfb-above-header-display":"","ast-hfb-below-header-display":"","ast-hfb-mobile-header-display":"","site-post-title":"","ast-breadcrumbs-content":"","ast-featured-img":"","footer-sml-layout":"","ast-disable-related-posts":"","theme-transparent-header-meta":"default","adv-header-id-meta":"","stick-header-meta":"","header-above-stick-meta":"","header-main-stick-meta":"","header-below-stick-meta":"","astra-migrate-meta-layouts":"default","ast-page-background-enabled":"default","ast-page-background-meta":{"desktop":{"background-color":"","background-image":"","background-repeat":"repeat","background-position":"center center","background-size":"auto","background-attachment":"scroll","background-type":"","background-media":"","overlay-type":"","overlay-color":"","overlay-opacity":"","overlay-gradient":""},"tablet":{"background-color":"","background-image":"","background-repeat":"repeat","background-position":"center center","background-size":"auto","background-attachment":"scroll","background-type":"","background-media":"","overlay-type":"","overlay-color":"","overlay-opacity":"","overlay-gradient":""},"mobile":{"background-color":"","background-image":"","background-repeat":"repeat","background-position":"center center","background-size":"auto","background-attachment":"scroll","background-type":"","background-media":"","overlay-type":"","overlay-color":"","overlay-opacity":"","overlay-gradient":""}},"ast-content-background-meta":{"desktop":{"background-color":"var(--ast-global-color-5)","background-image":"","background-repeat":"repeat","background-position":"center center","background-size":"auto","background-attachment":"scroll","background-type":"","background-media":"","overlay-type":"","overlay-color":"","overlay-opacity":"","overlay-gradient":""},"tablet":{"background-color":"var(--ast-global-color-5)","background-image":"","background-repeat":"repeat","background-position":"center center","background-size":"auto","background-attachment":"scroll","background-type":"","background-media":"","overlay-type":"","overlay-color":"","overlay-opacity":"","overlay-gradient":""},"mobile":{"background-color":"var(--ast-global-color-5)","background-image":"","background-repeat":"repeat","background-position":"center center","background-size":"auto","background-attachment":"scroll","background-type":"","background-media":"","overlay-type":"","overlay-color":"","overlay-opacity":"","overlay-gradient":""}}},"product_brand":[],"product_cat":[22,40],"product_tag":[],"class_list":{"0":"post-1705","1":"product","2":"type-product","3":"status-publish","4":"has-post-thumbnail","6":"product_cat-antiquites","7":"product_cat-archeologie","8":"product_shipping_class-extra_small","9":"desktop-align-left","10":"tablet-align-left","11":"mobile-align-left","13":"first","14":"instock","15":"sold-individually","16":"shipping-taxable","17":"purchasable","18":"product-type-simple"},"yoast_head":"<!-- This site is optimized with the Yoast SEO plugin v24.8.1 - https:\/\/yoast.com\/wordpress\/plugins\/seo\/ -->\n<title>Jade archa\u00efque chinois #11: Coupe de libation d\u00e9cor d\u2019un corps de lion dragon sculpt\u00e9. - Le cabinet de curiosit\u00e9s<\/title>\n<meta name=\"robots\" content=\"index, follow, max-snippet:-1, max-image-preview:large, max-video-preview:-1\" \/>\n<link rel=\"canonical\" href=\"https:\/\/curiosites.lmparis.fr\/index.php\/produit\/jade-archaique-chinois-11\/\" \/>\n<meta property=\"og:locale\" content=\"fr_FR\" \/>\n<meta property=\"og:type\" content=\"article\" \/>\n<meta property=\"og:title\" content=\"Jade archa\u00efque chinois #11: Coupe de libation d\u00e9cor d\u2019un corps de lion dragon sculpt\u00e9. - Le cabinet de curiosit\u00e9s\" \/>\n<meta property=\"og:description\" content=\"Longueur: 8 cm \u00a0Largeur: 3.5 cm \u00a0Hauteur: 8 cm  &nbsp;\" \/>\n<meta property=\"og:url\" content=\"https:\/\/curiosites.lmparis.fr\/index.php\/produit\/jade-archaique-chinois-11\/\" \/>\n<meta property=\"og:site_name\" content=\"Le cabinet de curiosit\u00e9s\" \/>\n<meta property=\"article:modified_time\" content=\"2021-03-06T17:45:15+00:00\" \/>\n<meta property=\"og:image\" content=\"https:\/\/curiosites.lmparis.fr\/wp-content\/uploads\/2020\/11\/Jade-archaique-Chinois-11_1.jpeg\" \/>\n\t<meta property=\"og:image:width\" content=\"1280\" \/>\n\t<meta property=\"og:image:height\" content=\"1280\" \/>\n\t<meta property=\"og:image:type\" content=\"image\/jpeg\" \/>\n<meta name=\"twitter:card\" content=\"summary_large_image\" \/>\n<meta name=\"twitter:label1\" content=\"Dur\u00e9e de lecture estim\u00e9e\" \/>\n\t<meta name=\"twitter:data1\" content=\"1 minute\" \/>\n<script type=\"application\/ld+json\" class=\"yoast-schema-graph\">{\"@context\":\"https:\/\/schema.org\",\"@graph\":[{\"@type\":\"WebPage\",\"@id\":\"https:\/\/curiosites.lmparis.fr\/index.php\/produit\/jade-archaique-chinois-11\/\",\"url\":\"https:\/\/curiosites.lmparis.fr\/index.php\/produit\/jade-archaique-chinois-11\/\",\"name\":\"Jade archa\u00efque chinois #11: Coupe de libation d\u00e9cor d\u2019un corps de lion dragon sculpt\u00e9. - Le cabinet de curiosit\u00e9s\",\"isPartOf\":{\"@id\":\"https:\/\/curiosites.lmparis.fr\/#website\"},\"primaryImageOfPage\":{\"@id\":\"https:\/\/curiosites.lmparis.fr\/index.php\/produit\/jade-archaique-chinois-11\/#primaryimage\"},\"image\":{\"@id\":\"https:\/\/curiosites.lmparis.fr\/index.php\/produit\/jade-archaique-chinois-11\/#primaryimage\"},\"thumbnailUrl\":\"https:\/\/curiosites.lmparis.fr\/wp-content\/uploads\/2020\/11\/Jade-archaique-Chinois-11_1.jpeg\",\"datePublished\":\"2020-11-08T19:20:58+00:00\",\"dateModified\":\"2021-03-06T17:45:15+00:00\",\"breadcrumb\":{\"@id\":\"https:\/\/curiosites.lmparis.fr\/index.php\/produit\/jade-archaique-chinois-11\/#breadcrumb\"},\"inLanguage\":\"fr-FR\",\"potentialAction\":[{\"@type\":\"ReadAction\",\"target\":[\"https:\/\/curiosites.lmparis.fr\/index.php\/produit\/jade-archaique-chinois-11\/\"]}]},{\"@type\":\"ImageObject\",\"inLanguage\":\"fr-FR\",\"@id\":\"https:\/\/curiosites.lmparis.fr\/index.php\/produit\/jade-archaique-chinois-11\/#primaryimage\",\"url\":\"https:\/\/curiosites.lmparis.fr\/wp-content\/uploads\/2020\/11\/Jade-archaique-Chinois-11_1.jpeg\",\"contentUrl\":\"https:\/\/curiosites.lmparis.fr\/wp-content\/uploads\/2020\/11\/Jade-archaique-Chinois-11_1.jpeg\",\"width\":1280,\"height\":1280},{\"@type\":\"BreadcrumbList\",\"@id\":\"https:\/\/curiosites.lmparis.fr\/index.php\/produit\/jade-archaique-chinois-11\/#breadcrumb\",\"itemListElement\":[{\"@type\":\"ListItem\",\"position\":1,\"name\":\"Accueil\",\"item\":\"https:\/\/curiosites.lmparis.fr\/\"},{\"@type\":\"ListItem\",\"position\":2,\"name\":\"Boutique\",\"item\":\"https:\/\/curiosites.lmparis.fr\/index.php\/boutique\/\"},{\"@type\":\"ListItem\",\"position\":3,\"name\":\"Jade archa\u00efque chinois #11: Coupe de libation d\u00e9cor d\u2019un corps de lion dragon sculpt\u00e9.\"}]},{\"@type\":\"WebSite\",\"@id\":\"https:\/\/curiosites.lmparis.fr\/#website\",\"url\":\"https:\/\/curiosites.lmparis.fr\/\",\"name\":\"Le cabinet de curiosit\u00e9s\",\"description\":\"art, objets d&#039;art , antiquit\u00e9s. objet de curiosit\u00e9s, porcelaines\",\"publisher\":{\"@id\":\"https:\/\/curiosites.lmparis.fr\/#\/schema\/person\/cda334754a2494b4fabed1f26b450aea\"},\"potentialAction\":[{\"@type\":\"SearchAction\",\"target\":{\"@type\":\"EntryPoint\",\"urlTemplate\":\"https:\/\/curiosites.lmparis.fr\/?s={search_term_string}\"},\"query-input\":{\"@type\":\"PropertyValueSpecification\",\"valueRequired\":true,\"valueName\":\"search_term_string\"}}],\"inLanguage\":\"fr-FR\"},{\"@type\":[\"Person\",\"Organization\"],\"@id\":\"https:\/\/curiosites.lmparis.fr\/#\/schema\/person\/cda334754a2494b4fabed1f26b450aea\",\"name\":\"akolangTo\",\"image\":{\"@type\":\"ImageObject\",\"inLanguage\":\"fr-FR\",\"@id\":\"https:\/\/curiosites.lmparis.fr\/#\/schema\/person\/image\/\",\"url\":\"https:\/\/curiosites.lmparis.fr\/wp-content\/uploads\/2020\/11\/blue-on-white-logo-160.png\",\"contentUrl\":\"https:\/\/curiosites.lmparis.fr\/wp-content\/uploads\/2020\/11\/blue-on-white-logo-160.png\",\"width\":160,\"height\":160,\"caption\":\"akolangTo\"},\"logo\":{\"@id\":\"https:\/\/curiosites.lmparis.fr\/#\/schema\/person\/image\/\"}}]}<\/script>\n<!-- \/ Yoast SEO plugin. -->","yoast_head_json":{"title":"Jade archa\u00efque chinois #11: Coupe de libation d\u00e9cor d\u2019un corps de lion dragon sculpt\u00e9. - Le cabinet de curiosit\u00e9s","robots":{"index":"index","follow":"follow","max-snippet":"max-snippet:-1","max-image-preview":"max-image-preview:large","max-video-preview":"max-video-preview:-1"},"canonical":"https:\/\/curiosites.lmparis.fr\/index.php\/produit\/jade-archaique-chinois-11\/","og_locale":"fr_FR","og_type":"article","og_title":"Jade archa\u00efque chinois #11: Coupe de libation d\u00e9cor d\u2019un corps de lion dragon sculpt\u00e9. - Le cabinet de curiosit\u00e9s","og_description":"Longueur: 8 cm \u00a0Largeur: 3.5 cm \u00a0Hauteur: 8 cm  &nbsp;","og_url":"https:\/\/curiosites.lmparis.fr\/index.php\/produit\/jade-archaique-chinois-11\/","og_site_name":"Le cabinet de curiosit\u00e9s","article_modified_time":"2021-03-06T17:45:15+00:00","og_image":[{"width":1280,"height":1280,"url":"https:\/\/curiosites.lmparis.fr\/wp-content\/uploads\/2020\/11\/Jade-archaique-Chinois-11_1.jpeg","type":"image\/jpeg"}],"twitter_card":"summary_large_image","twitter_misc":{"Dur\u00e9e de lecture estim\u00e9e":"1 minute"},"schema":{"@context":"https:\/\/schema.org","@graph":[{"@type":"WebPage","@id":"https:\/\/curiosites.lmparis.fr\/index.php\/produit\/jade-archaique-chinois-11\/","url":"https:\/\/curiosites.lmparis.fr\/index.php\/produit\/jade-archaique-chinois-11\/","name":"Jade archa\u00efque chinois #11: Coupe de libation d\u00e9cor d\u2019un corps de lion dragon sculpt\u00e9. - Le cabinet de curiosit\u00e9s","isPartOf":{"@id":"https:\/\/curiosites.lmparis.fr\/#website"},"primaryImageOfPage":{"@id":"https:\/\/curiosites.lmparis.fr\/index.php\/produit\/jade-archaique-chinois-11\/#primaryimage"},"image":{"@id":"https:\/\/curiosites.lmparis.fr\/index.php\/produit\/jade-archaique-chinois-11\/#primaryimage"},"thumbnailUrl":"https:\/\/curiosites.lmparis.fr\/wp-content\/uploads\/2020\/11\/Jade-archaique-Chinois-11_1.jpeg","datePublished":"2020-11-08T19:20:58+00:00","dateModified":"2021-03-06T17:45:15+00:00","breadcrumb":{"@id":"https:\/\/curiosites.lmparis.fr\/index.php\/produit\/jade-archaique-chinois-11\/#breadcrumb"},"inLanguage":"fr-FR","potentialAction":[{"@type":"ReadAction","target":["https:\/\/curiosites.lmparis.fr\/index.php\/produit\/jade-archaique-chinois-11\/"]}]},{"@type":"ImageObject","inLanguage":"fr-FR","@id":"https:\/\/curiosites.lmparis.fr\/index.php\/produit\/jade-archaique-chinois-11\/#primaryimage","url":"https:\/\/curiosites.lmparis.fr\/wp-content\/uploads\/2020\/11\/Jade-archaique-Chinois-11_1.jpeg","contentUrl":"https:\/\/curiosites.lmparis.fr\/wp-content\/uploads\/2020\/11\/Jade-archaique-Chinois-11_1.jpeg","width":1280,"height":1280},{"@type":"BreadcrumbList","@id":"https:\/\/curiosites.lmparis.fr\/index.php\/produit\/jade-archaique-chinois-11\/#breadcrumb","itemListElement":[{"@type":"ListItem","position":1,"name":"Accueil","item":"https:\/\/curiosites.lmparis.fr\/"},{"@type":"ListItem","position":2,"name":"Boutique","item":"https:\/\/curiosites.lmparis.fr\/index.php\/boutique\/"},{"@type":"ListItem","position":3,"name":"Jade archa\u00efque chinois #11: Coupe de libation d\u00e9cor d\u2019un corps de lion dragon sculpt\u00e9."}]},{"@type":"WebSite","@id":"https:\/\/curiosites.lmparis.fr\/#website","url":"https:\/\/curiosites.lmparis.fr\/","name":"Le cabinet de curiosit\u00e9s","description":"art, objets d&#039;art , antiquit\u00e9s. objet de curiosit\u00e9s, porcelaines","publisher":{"@id":"https:\/\/curiosites.lmparis.fr\/#\/schema\/person\/cda334754a2494b4fabed1f26b450aea"},"potentialAction":[{"@type":"SearchAction","target":{"@type":"EntryPoint","urlTemplate":"https:\/\/curiosites.lmparis.fr\/?s={search_term_string}"},"query-input":{"@type":"PropertyValueSpecification","valueRequired":true,"valueName":"search_term_string"}}],"inLanguage":"fr-FR"},{"@type":["Person","Organization"],"@id":"https:\/\/curiosites.lmparis.fr\/#\/schema\/person\/cda334754a2494b4fabed1f26b450aea","name":"akolangTo","image":{"@type":"ImageObject","inLanguage":"fr-FR","@id":"https:\/\/curiosites.lmparis.fr\/#\/schema\/person\/image\/","url":"https:\/\/curiosites.lmparis.fr\/wp-content\/uploads\/2020\/11\/blue-on-white-logo-160.png","contentUrl":"https:\/\/curiosites.lmparis.fr\/wp-content\/uploads\/2020\/11\/blue-on-white-logo-160.png","width":160,"height":160,"caption":"akolangTo"},"logo":{"@id":"https:\/\/curiosites.lmparis.fr\/#\/schema\/person\/image\/"}}]}},"jetpack_sharing_enabled":true,"_links":{"self":[{"href":"https:\/\/curiosites.lmparis.fr\/index.php\/wp-json\/wp\/v2\/product\/1705","targetHints":{"allow":["GET"]}}],"collection":[{"href":"https:\/\/curiosites.lmparis.fr\/index.php\/wp-json\/wp\/v2\/product"}],"about":[{"href":"https:\/\/curiosites.lmparis.fr\/index.php\/wp-json\/wp\/v2\/types\/product"}],"wp:featuredmedia":[{"embeddable":true,"href":"https:\/\/curiosites.lmparis.fr\/index.php\/wp-json\/wp\/v2\/media\/1632"}],"wp:attachment":[{"href":"https:\/\/curiosites.lmparis.fr\/index.php\/wp-json\/wp\/v2\/media?parent=1705"}],"wp:term":[{"taxonomy":"product_brand","embeddable":true,"href":"https:\/\/curiosites.lmparis.fr\/index.php\/wp-json\/wp\/v2\/product_brand?post=1705"},{"taxonomy":"product_cat","embeddable":true,"href":"https:\/\/curiosites.lmparis.fr\/index.php\/wp-json\/wp\/v2\/product_cat?post=1705"},{"taxonomy":"product_tag","embeddable":true,"href":"https:\/\/curiosites.lmparis.fr\/index.php\/wp-json\/wp\/v2\/product_tag?post=1705"}],"curies":[{"name":"wp","href":"https:\/\/api.w.org\/{rel}","templated":true}]}}