{"id":1268,"date":"2020-10-29T14:23:05","date_gmt":"2020-10-29T13:23:05","guid":{"rendered":"http:\/\/curiosites.lmparis.fr\/?post_type=product&#038;p=1268"},"modified":"2020-12-11T22:50:23","modified_gmt":"2020-12-11T21:50:23","slug":"grand-plat-porcelaine-ming-bleu-et-blanc-38-cm","status":"publish","type":"product","link":"https:\/\/curiosites.lmparis.fr\/index.php\/produit\/grand-plat-porcelaine-ming-bleu-et-blanc-38-cm\/","title":{"rendered":"Grand plat porcelaine Ming (bleu et blanc), ph\u00e9nix et des 3 amis, 38 cm"},"content":{"rendered":"<h6>Les 3 amis\u00a0: <strong>pin, bambou et prune (fleur de cerisier)<\/strong><\/h6>\n<p>Lorsqu\u2019ils sont pr\u00e9sent\u00e9s ensemble, le pin, le bambou et la prune sont connus sous le nom de \u00ab Les trois amis de l\u2019hiver \u00bb.\u00a0Les \u00ab Trois Amis \u00bb s\u2019\u00e9panouissent m\u00eame dans des conditions d\u00e9favorables et sont des symboles de long\u00e9vit\u00e9 et de pers\u00e9v\u00e9rance, qui sont des vertus attribu\u00e9es aux sages.<\/p>\n<h6>Le Ph\u00e9nix<\/h6>\n<p>Dans la culture traditionnelle chinoise, le ph\u00e9nix, appel\u00e9 feng huang, est consid\u00e9r\u00e9 comme un oiseau noble capable de juger la nature des \u00eatres humains et de conf\u00e9rer des b\u00e9n\u00e9dictions aux justes.<\/p>\n<h6>Le ph\u00e9nix et la culture chinoise<\/h6>\n<p><em>\u00abDans les temps les plus anciens, le<\/em>\u00a0feng huang\u00a0<em>ne d\u00e9signait pas un seul oiseau, mais deux.<\/em>\u00a0Feng\u00a0<em>\u00e9tait l\u2019oiseau m\u00e2le, tandis que<\/em>\u00a0huang\u00a0<em>\u00e9tait l\u2019oiseau femelle. Ensemble, ils \u00e9taient une m\u00e9taphore du symbole du<\/em>\u00a0yin\u00a0<em>et du<\/em>\u00a0yang<em>, ainsi qu\u2019une repr\u00e9sentation de la relation solennelle entre l\u2019homme et la femme. <\/em>Le f<em>eng huang<\/em>\u00a0a jou\u00e9 un r\u00f4le cl\u00e9 dans la cr\u00e9ation du cosmos selon la mythologie chinoise. Pan Gu, le dieu de la cr\u00e9ation, serait le premier \u00eatre vivant \u00e0 \u00eatre sorti de l\u2019\u0153uf du chaos. Quatre autres ont suivi : un dragon, un\u00a0<em>qilin<\/em>\u00a0(un animal chim\u00e9rique ayant une t\u00eate de dragon, et un corps de cerf mais recouvert d\u2019\u00e9cailles de poisson avec une corne sur la t\u00eate), une tortue et un\u00a0<em>feng huang<\/em>. Ces quatre sont appel\u00e9s les quatre esprits. Ils se sont joints \u00e0 Pan Gu pour cr\u00e9er l\u2019univers que nous connaissons aujourd\u2019hui.<\/p>\n","protected":false},"excerpt":{"rendered":"<p>Grand plat de 38 cm de diam\u00e8tre p\u00e9riode Ming .\u00a0Plat en parfait \u00e9tat pas de f\u00eales Empereur Wanli 1572\u00a0\/ 1620.\u00a0Le d\u00e9cor de Ph\u00e9nix et des 3 amis (voir la description ci-dessous)<\/p>\n<div>\n<p><span lang=\"FR\">Provenance sud des Philippines fouille arch\u00e9ologique marine d\u2019une barge chinoise coul\u00e9e probablement lors d\u2019une temp\u00eate ou d\u2019un typhon au \u00a014\u00e8me si\u00e8cle.\u00a0\u00a0 <\/span><\/p>\n<\/div>\n<div>\n<div>\n<p><span lang=\"FR\">Diam\u00e8tre 38cm. Hauteur 44 cm, Prix 1100 euros avec le support pr\u00e9sentoir.<\/span><\/p>\n<\/div>\n<\/div>\n","protected":false},"featured_media":1278,"template":"","meta":{"site-sidebar-layout":"default","site-content-layout":"default","ast-site-content-layout":"default","site-content-style":"default","site-sidebar-style":"default","ast-global-header-display":"","ast-banner-title-visibility":"","ast-main-header-display":"","ast-hfb-above-header-display":"","ast-hfb-below-header-display":"","ast-hfb-mobile-header-display":"","site-post-title":"","ast-breadcrumbs-content":"","ast-featured-img":"","footer-sml-layout":"","ast-disable-related-posts":"","theme-transparent-header-meta":"default","adv-header-id-meta":"","stick-header-meta":"","header-above-stick-meta":"","header-main-stick-meta":"","header-below-stick-meta":"","astra-migrate-meta-layouts":"default","ast-page-background-enabled":"default","ast-page-background-meta":{"desktop":{"background-color":"","background-image":"","background-repeat":"repeat","background-position":"center center","background-size":"auto","background-attachment":"scroll","background-type":"","background-media":"","overlay-type":"","overlay-color":"","overlay-opacity":"","overlay-gradient":""},"tablet":{"background-color":"","background-image":"","background-repeat":"repeat","background-position":"center center","background-size":"auto","background-attachment":"scroll","background-type":"","background-media":"","overlay-type":"","overlay-color":"","overlay-opacity":"","overlay-gradient":""},"mobile":{"background-color":"","background-image":"","background-repeat":"repeat","background-position":"center center","background-size":"auto","background-attachment":"scroll","background-type":"","background-media":"","overlay-type":"","overlay-color":"","overlay-opacity":"","overlay-gradient":""}},"ast-content-background-meta":{"desktop":{"background-color":"var(--ast-global-color-5)","background-image":"","background-repeat":"repeat","background-position":"center center","background-size":"auto","background-attachment":"scroll","background-type":"","background-media":"","overlay-type":"","overlay-color":"","overlay-opacity":"","overlay-gradient":""},"tablet":{"background-color":"var(--ast-global-color-5)","background-image":"","background-repeat":"repeat","background-position":"center center","background-size":"auto","background-attachment":"scroll","background-type":"","background-media":"","overlay-type":"","overlay-color":"","overlay-opacity":"","overlay-gradient":""},"mobile":{"background-color":"var(--ast-global-color-5)","background-image":"","background-repeat":"repeat","background-position":"center center","background-size":"auto","background-attachment":"scroll","background-type":"","background-media":"","overlay-type":"","overlay-color":"","overlay-opacity":"","overlay-gradient":""}}},"product_brand":[],"product_cat":[21,22],"product_tag":[],"class_list":{"0":"post-1268","1":"product","2":"type-product","3":"status-publish","4":"has-post-thumbnail","6":"product_cat-porcelaine","7":"product_cat-antiquites","8":"product_shipping_class-xx_large","9":"desktop-align-left","10":"tablet-align-left","11":"mobile-align-left","13":"first","14":"instock","15":"sold-individually","16":"shipping-taxable","17":"purchasable","18":"product-type-simple"},"yoast_head":"<!-- This site is optimized with the Yoast SEO plugin v24.8.1 - https:\/\/yoast.com\/wordpress\/plugins\/seo\/ -->\n<title>Grand plat porcelaine Ming (bleu et blanc), ph\u00e9nix et des 3 amis, 38 cm - Le cabinet de curiosit\u00e9s<\/title>\n<meta name=\"robots\" content=\"index, follow, max-snippet:-1, max-image-preview:large, max-video-preview:-1\" \/>\n<link rel=\"canonical\" href=\"https:\/\/curiosites.lmparis.fr\/index.php\/produit\/grand-plat-porcelaine-ming-bleu-et-blanc-38-cm\/\" \/>\n<meta property=\"og:locale\" content=\"fr_FR\" \/>\n<meta property=\"og:type\" content=\"article\" \/>\n<meta property=\"og:title\" content=\"Grand plat porcelaine Ming (bleu et blanc), ph\u00e9nix et des 3 amis, 38 cm - Le cabinet de curiosit\u00e9s\" \/>\n<meta property=\"og:description\" content=\"Grand plat de 38 cm de diam\u00e8tre p\u00e9riode Ming .\u00a0Plat en parfait \u00e9tat pas de f\u00eales Empereur Wanli 1572\u00a0\/ 1620.\u00a0Le d\u00e9cor de Ph\u00e9nix et des 3 amis (voir la description ci-dessous)   Provenance sud des Philippines fouille arch\u00e9ologique marine d\u2019une barge chinoise coul\u00e9e probablement lors d\u2019une temp\u00eate ou d\u2019un typhon au \u00a014\u00e8me si\u00e8cle.\u00a0\u00a0       Diam\u00e8tre 38cm. Hauteur 44 cm, Prix 1100 euros avec le support pr\u00e9sentoir.\" \/>\n<meta property=\"og:url\" content=\"https:\/\/curiosites.lmparis.fr\/index.php\/produit\/grand-plat-porcelaine-ming-bleu-et-blanc-38-cm\/\" \/>\n<meta property=\"og:site_name\" content=\"Le cabinet de curiosit\u00e9s\" \/>\n<meta property=\"article:modified_time\" content=\"2020-12-11T21:50:23+00:00\" \/>\n<meta property=\"og:image\" content=\"https:\/\/curiosites.lmparis.fr\/wp-content\/uploads\/2020\/10\/Grand-plat-Ming-38cm_5.jpeg\" \/>\n\t<meta property=\"og:image:width\" content=\"1280\" \/>\n\t<meta property=\"og:image:height\" content=\"1280\" \/>\n\t<meta property=\"og:image:type\" content=\"image\/jpeg\" \/>\n<meta name=\"twitter:card\" content=\"summary_large_image\" \/>\n<meta name=\"twitter:label1\" content=\"Dur\u00e9e de lecture estim\u00e9e\" \/>\n\t<meta name=\"twitter:data1\" content=\"1 minute\" \/>\n<script type=\"application\/ld+json\" class=\"yoast-schema-graph\">{\"@context\":\"https:\/\/schema.org\",\"@graph\":[{\"@type\":\"WebPage\",\"@id\":\"https:\/\/curiosites.lmparis.fr\/index.php\/produit\/grand-plat-porcelaine-ming-bleu-et-blanc-38-cm\/\",\"url\":\"https:\/\/curiosites.lmparis.fr\/index.php\/produit\/grand-plat-porcelaine-ming-bleu-et-blanc-38-cm\/\",\"name\":\"Grand plat porcelaine Ming (bleu et blanc), ph\u00e9nix et des 3 amis, 38 cm - Le cabinet de curiosit\u00e9s\",\"isPartOf\":{\"@id\":\"https:\/\/curiosites.lmparis.fr\/#website\"},\"primaryImageOfPage\":{\"@id\":\"https:\/\/curiosites.lmparis.fr\/index.php\/produit\/grand-plat-porcelaine-ming-bleu-et-blanc-38-cm\/#primaryimage\"},\"image\":{\"@id\":\"https:\/\/curiosites.lmparis.fr\/index.php\/produit\/grand-plat-porcelaine-ming-bleu-et-blanc-38-cm\/#primaryimage\"},\"thumbnailUrl\":\"https:\/\/curiosites.lmparis.fr\/wp-content\/uploads\/2020\/10\/Grand-plat-Ming-38cm_5.jpeg\",\"datePublished\":\"2020-10-29T13:23:05+00:00\",\"dateModified\":\"2020-12-11T21:50:23+00:00\",\"breadcrumb\":{\"@id\":\"https:\/\/curiosites.lmparis.fr\/index.php\/produit\/grand-plat-porcelaine-ming-bleu-et-blanc-38-cm\/#breadcrumb\"},\"inLanguage\":\"fr-FR\",\"potentialAction\":[{\"@type\":\"ReadAction\",\"target\":[\"https:\/\/curiosites.lmparis.fr\/index.php\/produit\/grand-plat-porcelaine-ming-bleu-et-blanc-38-cm\/\"]}]},{\"@type\":\"ImageObject\",\"inLanguage\":\"fr-FR\",\"@id\":\"https:\/\/curiosites.lmparis.fr\/index.php\/produit\/grand-plat-porcelaine-ming-bleu-et-blanc-38-cm\/#primaryimage\",\"url\":\"https:\/\/curiosites.lmparis.fr\/wp-content\/uploads\/2020\/10\/Grand-plat-Ming-38cm_5.jpeg\",\"contentUrl\":\"https:\/\/curiosites.lmparis.fr\/wp-content\/uploads\/2020\/10\/Grand-plat-Ming-38cm_5.jpeg\",\"width\":1280,\"height\":1280},{\"@type\":\"BreadcrumbList\",\"@id\":\"https:\/\/curiosites.lmparis.fr\/index.php\/produit\/grand-plat-porcelaine-ming-bleu-et-blanc-38-cm\/#breadcrumb\",\"itemListElement\":[{\"@type\":\"ListItem\",\"position\":1,\"name\":\"Accueil\",\"item\":\"https:\/\/curiosites.lmparis.fr\/\"},{\"@type\":\"ListItem\",\"position\":2,\"name\":\"Boutique\",\"item\":\"https:\/\/curiosites.lmparis.fr\/index.php\/boutique\/\"},{\"@type\":\"ListItem\",\"position\":3,\"name\":\"Grand plat porcelaine Ming (bleu et blanc), ph\u00e9nix et des 3 amis, 38 cm\"}]},{\"@type\":\"WebSite\",\"@id\":\"https:\/\/curiosites.lmparis.fr\/#website\",\"url\":\"https:\/\/curiosites.lmparis.fr\/\",\"name\":\"Le cabinet de curiosit\u00e9s\",\"description\":\"art, objets d&#039;art , antiquit\u00e9s. objet de curiosit\u00e9s, porcelaines\",\"publisher\":{\"@id\":\"https:\/\/curiosites.lmparis.fr\/#\/schema\/person\/cda334754a2494b4fabed1f26b450aea\"},\"potentialAction\":[{\"@type\":\"SearchAction\",\"target\":{\"@type\":\"EntryPoint\",\"urlTemplate\":\"https:\/\/curiosites.lmparis.fr\/?s={search_term_string}\"},\"query-input\":{\"@type\":\"PropertyValueSpecification\",\"valueRequired\":true,\"valueName\":\"search_term_string\"}}],\"inLanguage\":\"fr-FR\"},{\"@type\":[\"Person\",\"Organization\"],\"@id\":\"https:\/\/curiosites.lmparis.fr\/#\/schema\/person\/cda334754a2494b4fabed1f26b450aea\",\"name\":\"akolangTo\",\"image\":{\"@type\":\"ImageObject\",\"inLanguage\":\"fr-FR\",\"@id\":\"https:\/\/curiosites.lmparis.fr\/#\/schema\/person\/image\/\",\"url\":\"https:\/\/curiosites.lmparis.fr\/wp-content\/uploads\/2020\/11\/blue-on-white-logo-160.png\",\"contentUrl\":\"https:\/\/curiosites.lmparis.fr\/wp-content\/uploads\/2020\/11\/blue-on-white-logo-160.png\",\"width\":160,\"height\":160,\"caption\":\"akolangTo\"},\"logo\":{\"@id\":\"https:\/\/curiosites.lmparis.fr\/#\/schema\/person\/image\/\"}}]}<\/script>\n<!-- \/ Yoast SEO plugin. -->","yoast_head_json":{"title":"Grand plat porcelaine Ming (bleu et blanc), ph\u00e9nix et des 3 amis, 38 cm - Le cabinet de curiosit\u00e9s","robots":{"index":"index","follow":"follow","max-snippet":"max-snippet:-1","max-image-preview":"max-image-preview:large","max-video-preview":"max-video-preview:-1"},"canonical":"https:\/\/curiosites.lmparis.fr\/index.php\/produit\/grand-plat-porcelaine-ming-bleu-et-blanc-38-cm\/","og_locale":"fr_FR","og_type":"article","og_title":"Grand plat porcelaine Ming (bleu et blanc), ph\u00e9nix et des 3 amis, 38 cm - Le cabinet de curiosit\u00e9s","og_description":"Grand plat de 38 cm de diam\u00e8tre p\u00e9riode Ming .\u00a0Plat en parfait \u00e9tat pas de f\u00eales Empereur Wanli 1572\u00a0\/ 1620.\u00a0Le d\u00e9cor de Ph\u00e9nix et des 3 amis (voir la description ci-dessous)   Provenance sud des Philippines fouille arch\u00e9ologique marine d\u2019une barge chinoise coul\u00e9e probablement lors d\u2019une temp\u00eate ou d\u2019un typhon au \u00a014\u00e8me si\u00e8cle.\u00a0\u00a0       Diam\u00e8tre 38cm. Hauteur 44 cm, Prix 1100 euros avec le support pr\u00e9sentoir.","og_url":"https:\/\/curiosites.lmparis.fr\/index.php\/produit\/grand-plat-porcelaine-ming-bleu-et-blanc-38-cm\/","og_site_name":"Le cabinet de curiosit\u00e9s","article_modified_time":"2020-12-11T21:50:23+00:00","og_image":[{"width":1280,"height":1280,"url":"https:\/\/curiosites.lmparis.fr\/wp-content\/uploads\/2020\/10\/Grand-plat-Ming-38cm_5.jpeg","type":"image\/jpeg"}],"twitter_card":"summary_large_image","twitter_misc":{"Dur\u00e9e de lecture estim\u00e9e":"1 minute"},"schema":{"@context":"https:\/\/schema.org","@graph":[{"@type":"WebPage","@id":"https:\/\/curiosites.lmparis.fr\/index.php\/produit\/grand-plat-porcelaine-ming-bleu-et-blanc-38-cm\/","url":"https:\/\/curiosites.lmparis.fr\/index.php\/produit\/grand-plat-porcelaine-ming-bleu-et-blanc-38-cm\/","name":"Grand plat porcelaine Ming (bleu et blanc), ph\u00e9nix et des 3 amis, 38 cm - Le cabinet de curiosit\u00e9s","isPartOf":{"@id":"https:\/\/curiosites.lmparis.fr\/#website"},"primaryImageOfPage":{"@id":"https:\/\/curiosites.lmparis.fr\/index.php\/produit\/grand-plat-porcelaine-ming-bleu-et-blanc-38-cm\/#primaryimage"},"image":{"@id":"https:\/\/curiosites.lmparis.fr\/index.php\/produit\/grand-plat-porcelaine-ming-bleu-et-blanc-38-cm\/#primaryimage"},"thumbnailUrl":"https:\/\/curiosites.lmparis.fr\/wp-content\/uploads\/2020\/10\/Grand-plat-Ming-38cm_5.jpeg","datePublished":"2020-10-29T13:23:05+00:00","dateModified":"2020-12-11T21:50:23+00:00","breadcrumb":{"@id":"https:\/\/curiosites.lmparis.fr\/index.php\/produit\/grand-plat-porcelaine-ming-bleu-et-blanc-38-cm\/#breadcrumb"},"inLanguage":"fr-FR","potentialAction":[{"@type":"ReadAction","target":["https:\/\/curiosites.lmparis.fr\/index.php\/produit\/grand-plat-porcelaine-ming-bleu-et-blanc-38-cm\/"]}]},{"@type":"ImageObject","inLanguage":"fr-FR","@id":"https:\/\/curiosites.lmparis.fr\/index.php\/produit\/grand-plat-porcelaine-ming-bleu-et-blanc-38-cm\/#primaryimage","url":"https:\/\/curiosites.lmparis.fr\/wp-content\/uploads\/2020\/10\/Grand-plat-Ming-38cm_5.jpeg","contentUrl":"https:\/\/curiosites.lmparis.fr\/wp-content\/uploads\/2020\/10\/Grand-plat-Ming-38cm_5.jpeg","width":1280,"height":1280},{"@type":"BreadcrumbList","@id":"https:\/\/curiosites.lmparis.fr\/index.php\/produit\/grand-plat-porcelaine-ming-bleu-et-blanc-38-cm\/#breadcrumb","itemListElement":[{"@type":"ListItem","position":1,"name":"Accueil","item":"https:\/\/curiosites.lmparis.fr\/"},{"@type":"ListItem","position":2,"name":"Boutique","item":"https:\/\/curiosites.lmparis.fr\/index.php\/boutique\/"},{"@type":"ListItem","position":3,"name":"Grand plat porcelaine Ming (bleu et blanc), ph\u00e9nix et des 3 amis, 38 cm"}]},{"@type":"WebSite","@id":"https:\/\/curiosites.lmparis.fr\/#website","url":"https:\/\/curiosites.lmparis.fr\/","name":"Le cabinet de curiosit\u00e9s","description":"art, objets d&#039;art , antiquit\u00e9s. objet de curiosit\u00e9s, porcelaines","publisher":{"@id":"https:\/\/curiosites.lmparis.fr\/#\/schema\/person\/cda334754a2494b4fabed1f26b450aea"},"potentialAction":[{"@type":"SearchAction","target":{"@type":"EntryPoint","urlTemplate":"https:\/\/curiosites.lmparis.fr\/?s={search_term_string}"},"query-input":{"@type":"PropertyValueSpecification","valueRequired":true,"valueName":"search_term_string"}}],"inLanguage":"fr-FR"},{"@type":["Person","Organization"],"@id":"https:\/\/curiosites.lmparis.fr\/#\/schema\/person\/cda334754a2494b4fabed1f26b450aea","name":"akolangTo","image":{"@type":"ImageObject","inLanguage":"fr-FR","@id":"https:\/\/curiosites.lmparis.fr\/#\/schema\/person\/image\/","url":"https:\/\/curiosites.lmparis.fr\/wp-content\/uploads\/2020\/11\/blue-on-white-logo-160.png","contentUrl":"https:\/\/curiosites.lmparis.fr\/wp-content\/uploads\/2020\/11\/blue-on-white-logo-160.png","width":160,"height":160,"caption":"akolangTo"},"logo":{"@id":"https:\/\/curiosites.lmparis.fr\/#\/schema\/person\/image\/"}}]}},"jetpack_sharing_enabled":true,"_links":{"self":[{"href":"https:\/\/curiosites.lmparis.fr\/index.php\/wp-json\/wp\/v2\/product\/1268","targetHints":{"allow":["GET"]}}],"collection":[{"href":"https:\/\/curiosites.lmparis.fr\/index.php\/wp-json\/wp\/v2\/product"}],"about":[{"href":"https:\/\/curiosites.lmparis.fr\/index.php\/wp-json\/wp\/v2\/types\/product"}],"wp:featuredmedia":[{"embeddable":true,"href":"https:\/\/curiosites.lmparis.fr\/index.php\/wp-json\/wp\/v2\/media\/1278"}],"wp:attachment":[{"href":"https:\/\/curiosites.lmparis.fr\/index.php\/wp-json\/wp\/v2\/media?parent=1268"}],"wp:term":[{"taxonomy":"product_brand","embeddable":true,"href":"https:\/\/curiosites.lmparis.fr\/index.php\/wp-json\/wp\/v2\/product_brand?post=1268"},{"taxonomy":"product_cat","embeddable":true,"href":"https:\/\/curiosites.lmparis.fr\/index.php\/wp-json\/wp\/v2\/product_cat?post=1268"},{"taxonomy":"product_tag","embeddable":true,"href":"https:\/\/curiosites.lmparis.fr\/index.php\/wp-json\/wp\/v2\/product_tag?post=1268"}],"curies":[{"name":"wp","href":"https:\/\/api.w.org\/{rel}","templated":true}]}}