{"id":1146,"date":"2020-10-23T19:35:33","date_gmt":"2020-10-23T17:35:33","guid":{"rendered":"http:\/\/curiosites.lmparis.fr\/?post_type=product&#038;p=1146"},"modified":"2020-12-11T22:30:53","modified_gmt":"2020-12-11T21:30:53","slug":"bowl-a-sake-2","status":"publish","type":"product","link":"https:\/\/curiosites.lmparis.fr\/index.php\/produit\/bowl-a-sake-2\/","title":{"rendered":"JAPON : Coupelle circulaire (Bol \u00e0 sak\u00e9 #2)"},"content":{"rendered":"","protected":false},"excerpt":{"rendered":"<p>JAPON : Coupelle circulaire (Bol \u00e0 sak\u00e9) sur pi\u00e9douche en bois laqu\u00e9 (bambou) \u00e0 fond rouge d\u00e9cor\u00e9 d\u2019un personnage trait\u00e9 en argent et or, avec des branches de pins trait\u00e9es \u00e0 l\u2019or. P\u00e9riode Meiji (1868-1912)<\/p>\n<p>Hauteur 3.6 cm, diam\u00e8tre 12 cm.<\/p>\n","protected":false},"featured_media":1142,"template":"","meta":{"site-sidebar-layout":"default","site-content-layout":"default","ast-site-content-layout":"default","site-content-style":"default","site-sidebar-style":"default","ast-global-header-display":"","ast-banner-title-visibility":"","ast-main-header-display":"","ast-hfb-above-header-display":"","ast-hfb-below-header-display":"","ast-hfb-mobile-header-display":"","site-post-title":"","ast-breadcrumbs-content":"","ast-featured-img":"","footer-sml-layout":"","ast-disable-related-posts":"","theme-transparent-header-meta":"default","adv-header-id-meta":"","stick-header-meta":"","header-above-stick-meta":"","header-main-stick-meta":"","header-below-stick-meta":"","astra-migrate-meta-layouts":"default","ast-page-background-enabled":"default","ast-page-background-meta":{"desktop":{"background-color":"","background-image":"","background-repeat":"repeat","background-position":"center center","background-size":"auto","background-attachment":"scroll","background-type":"","background-media":"","overlay-type":"","overlay-color":"","overlay-opacity":"","overlay-gradient":""},"tablet":{"background-color":"","background-image":"","background-repeat":"repeat","background-position":"center center","background-size":"auto","background-attachment":"scroll","background-type":"","background-media":"","overlay-type":"","overlay-color":"","overlay-opacity":"","overlay-gradient":""},"mobile":{"background-color":"","background-image":"","background-repeat":"repeat","background-position":"center center","background-size":"auto","background-attachment":"scroll","background-type":"","background-media":"","overlay-type":"","overlay-color":"","overlay-opacity":"","overlay-gradient":""}},"ast-content-background-meta":{"desktop":{"background-color":"var(--ast-global-color-5)","background-image":"","background-repeat":"repeat","background-position":"center center","background-size":"auto","background-attachment":"scroll","background-type":"","background-media":"","overlay-type":"","overlay-color":"","overlay-opacity":"","overlay-gradient":""},"tablet":{"background-color":"var(--ast-global-color-5)","background-image":"","background-repeat":"repeat","background-position":"center center","background-size":"auto","background-attachment":"scroll","background-type":"","background-media":"","overlay-type":"","overlay-color":"","overlay-opacity":"","overlay-gradient":""},"mobile":{"background-color":"var(--ast-global-color-5)","background-image":"","background-repeat":"repeat","background-position":"center center","background-size":"auto","background-attachment":"scroll","background-type":"","background-media":"","overlay-type":"","overlay-color":"","overlay-opacity":"","overlay-gradient":""}}},"product_brand":[],"product_cat":[27],"product_tag":[],"class_list":{"0":"post-1146","1":"product","2":"type-product","3":"status-publish","4":"has-post-thumbnail","6":"product_cat-laque-du-japon","7":"product_shipping_class-extra_small","8":"desktop-align-left","9":"tablet-align-left","10":"mobile-align-left","12":"first","13":"instock","14":"sold-individually","15":"shipping-taxable","16":"purchasable","17":"product-type-simple"},"yoast_head":"<!-- This site is optimized with the Yoast SEO plugin v24.8.1 - https:\/\/yoast.com\/wordpress\/plugins\/seo\/ -->\n<title>JAPON : Coupelle circulaire (Bol \u00e0 sak\u00e9 #2) - Le cabinet de curiosit\u00e9s<\/title>\n<meta name=\"robots\" content=\"index, follow, max-snippet:-1, max-image-preview:large, max-video-preview:-1\" \/>\n<link rel=\"canonical\" href=\"https:\/\/curiosites.lmparis.fr\/index.php\/produit\/bowl-a-sake-2\/\" \/>\n<meta property=\"og:locale\" content=\"fr_FR\" \/>\n<meta property=\"og:type\" content=\"article\" \/>\n<meta property=\"og:title\" content=\"JAPON : Coupelle circulaire (Bol \u00e0 sak\u00e9 #2) - Le cabinet de curiosit\u00e9s\" \/>\n<meta property=\"og:description\" content=\"JAPON : Coupelle circulaire (Bol \u00e0 sak\u00e9) sur pi\u00e9douche en bois laqu\u00e9 (bambou) \u00e0 fond rouge d\u00e9cor\u00e9 d\u2019un personnage trait\u00e9 en argent et or, avec des branches de pins trait\u00e9es \u00e0 l\u2019or. P\u00e9riode Meiji (1868-1912)  Hauteur 3.6 cm, diam\u00e8tre 12 cm.\" \/>\n<meta property=\"og:url\" content=\"https:\/\/curiosites.lmparis.fr\/index.php\/produit\/bowl-a-sake-2\/\" \/>\n<meta property=\"og:site_name\" content=\"Le cabinet de curiosit\u00e9s\" \/>\n<meta property=\"article:modified_time\" content=\"2020-12-11T21:30:53+00:00\" \/>\n<meta property=\"og:image\" content=\"https:\/\/curiosites.lmparis.fr\/wp-content\/uploads\/2020\/10\/Bowl-a-Sake-2_3.jpeg\" \/>\n\t<meta property=\"og:image:width\" content=\"1280\" \/>\n\t<meta property=\"og:image:height\" content=\"1280\" \/>\n\t<meta property=\"og:image:type\" content=\"image\/jpeg\" \/>\n<meta name=\"twitter:card\" content=\"summary_large_image\" \/>\n<script type=\"application\/ld+json\" class=\"yoast-schema-graph\">{\"@context\":\"https:\/\/schema.org\",\"@graph\":[{\"@type\":\"WebPage\",\"@id\":\"https:\/\/curiosites.lmparis.fr\/index.php\/produit\/bowl-a-sake-2\/\",\"url\":\"https:\/\/curiosites.lmparis.fr\/index.php\/produit\/bowl-a-sake-2\/\",\"name\":\"JAPON : Coupelle circulaire (Bol \u00e0 sak\u00e9 #2) - Le cabinet de curiosit\u00e9s\",\"isPartOf\":{\"@id\":\"https:\/\/curiosites.lmparis.fr\/#website\"},\"primaryImageOfPage\":{\"@id\":\"https:\/\/curiosites.lmparis.fr\/index.php\/produit\/bowl-a-sake-2\/#primaryimage\"},\"image\":{\"@id\":\"https:\/\/curiosites.lmparis.fr\/index.php\/produit\/bowl-a-sake-2\/#primaryimage\"},\"thumbnailUrl\":\"https:\/\/curiosites.lmparis.fr\/wp-content\/uploads\/2020\/10\/Bowl-a-Sake-2_3.jpeg\",\"datePublished\":\"2020-10-23T17:35:33+00:00\",\"dateModified\":\"2020-12-11T21:30:53+00:00\",\"breadcrumb\":{\"@id\":\"https:\/\/curiosites.lmparis.fr\/index.php\/produit\/bowl-a-sake-2\/#breadcrumb\"},\"inLanguage\":\"fr-FR\",\"potentialAction\":[{\"@type\":\"ReadAction\",\"target\":[\"https:\/\/curiosites.lmparis.fr\/index.php\/produit\/bowl-a-sake-2\/\"]}]},{\"@type\":\"ImageObject\",\"inLanguage\":\"fr-FR\",\"@id\":\"https:\/\/curiosites.lmparis.fr\/index.php\/produit\/bowl-a-sake-2\/#primaryimage\",\"url\":\"https:\/\/curiosites.lmparis.fr\/wp-content\/uploads\/2020\/10\/Bowl-a-Sake-2_3.jpeg\",\"contentUrl\":\"https:\/\/curiosites.lmparis.fr\/wp-content\/uploads\/2020\/10\/Bowl-a-Sake-2_3.jpeg\",\"width\":1280,\"height\":1280},{\"@type\":\"BreadcrumbList\",\"@id\":\"https:\/\/curiosites.lmparis.fr\/index.php\/produit\/bowl-a-sake-2\/#breadcrumb\",\"itemListElement\":[{\"@type\":\"ListItem\",\"position\":1,\"name\":\"Accueil\",\"item\":\"https:\/\/curiosites.lmparis.fr\/\"},{\"@type\":\"ListItem\",\"position\":2,\"name\":\"Boutique\",\"item\":\"https:\/\/curiosites.lmparis.fr\/index.php\/boutique\/\"},{\"@type\":\"ListItem\",\"position\":3,\"name\":\"JAPON : Coupelle circulaire (Bol \u00e0 sak\u00e9 #2)\"}]},{\"@type\":\"WebSite\",\"@id\":\"https:\/\/curiosites.lmparis.fr\/#website\",\"url\":\"https:\/\/curiosites.lmparis.fr\/\",\"name\":\"Le cabinet de curiosit\u00e9s\",\"description\":\"art, objets d&#039;art , antiquit\u00e9s. objet de curiosit\u00e9s, porcelaines\",\"publisher\":{\"@id\":\"https:\/\/curiosites.lmparis.fr\/#\/schema\/person\/cda334754a2494b4fabed1f26b450aea\"},\"potentialAction\":[{\"@type\":\"SearchAction\",\"target\":{\"@type\":\"EntryPoint\",\"urlTemplate\":\"https:\/\/curiosites.lmparis.fr\/?s={search_term_string}\"},\"query-input\":{\"@type\":\"PropertyValueSpecification\",\"valueRequired\":true,\"valueName\":\"search_term_string\"}}],\"inLanguage\":\"fr-FR\"},{\"@type\":[\"Person\",\"Organization\"],\"@id\":\"https:\/\/curiosites.lmparis.fr\/#\/schema\/person\/cda334754a2494b4fabed1f26b450aea\",\"name\":\"akolangTo\",\"image\":{\"@type\":\"ImageObject\",\"inLanguage\":\"fr-FR\",\"@id\":\"https:\/\/curiosites.lmparis.fr\/#\/schema\/person\/image\/\",\"url\":\"https:\/\/curiosites.lmparis.fr\/wp-content\/uploads\/2020\/11\/blue-on-white-logo-160.png\",\"contentUrl\":\"https:\/\/curiosites.lmparis.fr\/wp-content\/uploads\/2020\/11\/blue-on-white-logo-160.png\",\"width\":160,\"height\":160,\"caption\":\"akolangTo\"},\"logo\":{\"@id\":\"https:\/\/curiosites.lmparis.fr\/#\/schema\/person\/image\/\"}}]}<\/script>\n<!-- \/ Yoast SEO plugin. -->","yoast_head_json":{"title":"JAPON : Coupelle circulaire (Bol \u00e0 sak\u00e9 #2) - Le cabinet de curiosit\u00e9s","robots":{"index":"index","follow":"follow","max-snippet":"max-snippet:-1","max-image-preview":"max-image-preview:large","max-video-preview":"max-video-preview:-1"},"canonical":"https:\/\/curiosites.lmparis.fr\/index.php\/produit\/bowl-a-sake-2\/","og_locale":"fr_FR","og_type":"article","og_title":"JAPON : Coupelle circulaire (Bol \u00e0 sak\u00e9 #2) - Le cabinet de curiosit\u00e9s","og_description":"JAPON : Coupelle circulaire (Bol \u00e0 sak\u00e9) sur pi\u00e9douche en bois laqu\u00e9 (bambou) \u00e0 fond rouge d\u00e9cor\u00e9 d\u2019un personnage trait\u00e9 en argent et or, avec des branches de pins trait\u00e9es \u00e0 l\u2019or. P\u00e9riode Meiji (1868-1912)  Hauteur 3.6 cm, diam\u00e8tre 12 cm.","og_url":"https:\/\/curiosites.lmparis.fr\/index.php\/produit\/bowl-a-sake-2\/","og_site_name":"Le cabinet de curiosit\u00e9s","article_modified_time":"2020-12-11T21:30:53+00:00","og_image":[{"width":1280,"height":1280,"url":"https:\/\/curiosites.lmparis.fr\/wp-content\/uploads\/2020\/10\/Bowl-a-Sake-2_3.jpeg","type":"image\/jpeg"}],"twitter_card":"summary_large_image","schema":{"@context":"https:\/\/schema.org","@graph":[{"@type":"WebPage","@id":"https:\/\/curiosites.lmparis.fr\/index.php\/produit\/bowl-a-sake-2\/","url":"https:\/\/curiosites.lmparis.fr\/index.php\/produit\/bowl-a-sake-2\/","name":"JAPON : Coupelle circulaire (Bol \u00e0 sak\u00e9 #2) - Le cabinet de curiosit\u00e9s","isPartOf":{"@id":"https:\/\/curiosites.lmparis.fr\/#website"},"primaryImageOfPage":{"@id":"https:\/\/curiosites.lmparis.fr\/index.php\/produit\/bowl-a-sake-2\/#primaryimage"},"image":{"@id":"https:\/\/curiosites.lmparis.fr\/index.php\/produit\/bowl-a-sake-2\/#primaryimage"},"thumbnailUrl":"https:\/\/curiosites.lmparis.fr\/wp-content\/uploads\/2020\/10\/Bowl-a-Sake-2_3.jpeg","datePublished":"2020-10-23T17:35:33+00:00","dateModified":"2020-12-11T21:30:53+00:00","breadcrumb":{"@id":"https:\/\/curiosites.lmparis.fr\/index.php\/produit\/bowl-a-sake-2\/#breadcrumb"},"inLanguage":"fr-FR","potentialAction":[{"@type":"ReadAction","target":["https:\/\/curiosites.lmparis.fr\/index.php\/produit\/bowl-a-sake-2\/"]}]},{"@type":"ImageObject","inLanguage":"fr-FR","@id":"https:\/\/curiosites.lmparis.fr\/index.php\/produit\/bowl-a-sake-2\/#primaryimage","url":"https:\/\/curiosites.lmparis.fr\/wp-content\/uploads\/2020\/10\/Bowl-a-Sake-2_3.jpeg","contentUrl":"https:\/\/curiosites.lmparis.fr\/wp-content\/uploads\/2020\/10\/Bowl-a-Sake-2_3.jpeg","width":1280,"height":1280},{"@type":"BreadcrumbList","@id":"https:\/\/curiosites.lmparis.fr\/index.php\/produit\/bowl-a-sake-2\/#breadcrumb","itemListElement":[{"@type":"ListItem","position":1,"name":"Accueil","item":"https:\/\/curiosites.lmparis.fr\/"},{"@type":"ListItem","position":2,"name":"Boutique","item":"https:\/\/curiosites.lmparis.fr\/index.php\/boutique\/"},{"@type":"ListItem","position":3,"name":"JAPON : Coupelle circulaire (Bol \u00e0 sak\u00e9 #2)"}]},{"@type":"WebSite","@id":"https:\/\/curiosites.lmparis.fr\/#website","url":"https:\/\/curiosites.lmparis.fr\/","name":"Le cabinet de curiosit\u00e9s","description":"art, objets d&#039;art , antiquit\u00e9s. objet de curiosit\u00e9s, porcelaines","publisher":{"@id":"https:\/\/curiosites.lmparis.fr\/#\/schema\/person\/cda334754a2494b4fabed1f26b450aea"},"potentialAction":[{"@type":"SearchAction","target":{"@type":"EntryPoint","urlTemplate":"https:\/\/curiosites.lmparis.fr\/?s={search_term_string}"},"query-input":{"@type":"PropertyValueSpecification","valueRequired":true,"valueName":"search_term_string"}}],"inLanguage":"fr-FR"},{"@type":["Person","Organization"],"@id":"https:\/\/curiosites.lmparis.fr\/#\/schema\/person\/cda334754a2494b4fabed1f26b450aea","name":"akolangTo","image":{"@type":"ImageObject","inLanguage":"fr-FR","@id":"https:\/\/curiosites.lmparis.fr\/#\/schema\/person\/image\/","url":"https:\/\/curiosites.lmparis.fr\/wp-content\/uploads\/2020\/11\/blue-on-white-logo-160.png","contentUrl":"https:\/\/curiosites.lmparis.fr\/wp-content\/uploads\/2020\/11\/blue-on-white-logo-160.png","width":160,"height":160,"caption":"akolangTo"},"logo":{"@id":"https:\/\/curiosites.lmparis.fr\/#\/schema\/person\/image\/"}}]}},"jetpack_sharing_enabled":true,"_links":{"self":[{"href":"https:\/\/curiosites.lmparis.fr\/index.php\/wp-json\/wp\/v2\/product\/1146","targetHints":{"allow":["GET"]}}],"collection":[{"href":"https:\/\/curiosites.lmparis.fr\/index.php\/wp-json\/wp\/v2\/product"}],"about":[{"href":"https:\/\/curiosites.lmparis.fr\/index.php\/wp-json\/wp\/v2\/types\/product"}],"wp:featuredmedia":[{"embeddable":true,"href":"https:\/\/curiosites.lmparis.fr\/index.php\/wp-json\/wp\/v2\/media\/1142"}],"wp:attachment":[{"href":"https:\/\/curiosites.lmparis.fr\/index.php\/wp-json\/wp\/v2\/media?parent=1146"}],"wp:term":[{"taxonomy":"product_brand","embeddable":true,"href":"https:\/\/curiosites.lmparis.fr\/index.php\/wp-json\/wp\/v2\/product_brand?post=1146"},{"taxonomy":"product_cat","embeddable":true,"href":"https:\/\/curiosites.lmparis.fr\/index.php\/wp-json\/wp\/v2\/product_cat?post=1146"},{"taxonomy":"product_tag","embeddable":true,"href":"https:\/\/curiosites.lmparis.fr\/index.php\/wp-json\/wp\/v2\/product_tag?post=1146"}],"curies":[{"name":"wp","href":"https:\/\/api.w.org\/{rel}","templated":true}]}}