{"id":1052,"date":"2020-10-13T20:39:01","date_gmt":"2020-10-13T18:39:01","guid":{"rendered":"http:\/\/curiosites.lmparis.fr\/?post_type=product&#038;p=1052"},"modified":"2020-12-11T22:43:26","modified_gmt":"2020-12-11T21:43:26","slug":"verseuse-zoomorphe-en-terre-cuite-2","status":"publish","type":"product","link":"https:\/\/curiosites.lmparis.fr\/index.php\/produit\/verseuse-zoomorphe-en-terre-cuite-2\/","title":{"rendered":"Chien gras verseuse zoomorphe, Terre cuite avec engobe rouge caf\u00e9. Colima, Mexique, 100 avant J.C.-250 apr\u00e8s J.C."},"content":{"rendered":"","protected":false},"excerpt":{"rendered":"<p><strong>CHIEN GRAS DE LA CULTURE COLIMA<\/strong>. Cette terre cuite a \u00e9t\u00e9 r\u00e9alis\u00e9e ente -200 et + 200 de notre \u00e8re par les populations de l\u2019ouest mexicain et plus pr\u00e9cis\u00e9ment de Colima. Son ventre dodu montre que ce chien a \u00e9t\u00e9 engraiss\u00e9 pour \u00eatre mang\u00e9. Consid\u00e9r\u00e9 par les indiens d\u2019Am\u00e9rique du Sud comme un mets de luxe particuli\u00e8rement savoureux, sa chair \u00e9tait \u00e9galement r\u00e9put\u00e9e pour ses propri\u00e9t\u00e9s b\u00e9n\u00e9fiques pour la sant\u00e9. Il se tient debout, camp\u00e9 sur ses courtes pattes, les oreilles et la queue dress\u00e9es : l\u2019animal prend manifestement une posture d\u00e9fensive.<\/p>\n<p>La mission de ce chien sacr\u00e9 du nom de <em><strong>Xoloitzcuintle<\/strong><\/em> \u00e9tait en effet de prot\u00e9ger les morts dans leur voyage vers l\u2019au-del\u00e0. Ainsi, sa place se trouvait dans le tombeau, juste \u00e0 c\u00f4t\u00e9 du d\u00e9funt. La profondeur des tombes de la culture Colima a d\u2019ailleurs pr\u00e9serv\u00e9 cette \u0153uvre en lui \u00e9vitant tout contact avec la lumi\u00e8re, ce qui explique son bon \u00e9tat de conservation ainsi que la fra\u00eecheur de l\u2019engobe.<\/p>\n<p>La finesse de cette importante sculpture \u00a0indique que son auteur devait \u00eatre un ma\u00eetre artisan de grande renomm\u00e9e. Le chien contient une bille et fait un bruit de hochet quand on le secoue.<\/p>\n<p>Pr\u00e9colombien, Mexique, culture Colima, P\u00e9riode proto-classique, 200 avant \u00e0 200 apr\u00e8s J. Terre cuite \u00e0 engobe brun-rouge sans aucun d\u00e9faut- parfait \u00e9tat de conservation \u2013 aucune restauration.<\/p>\n<p>Largeur: 16 cm \u00a0 \u00a0 Longueur: 9.5 cm \u00a0 \u00a0 Hauteur: 8 cm<\/p>\n<p>Prix :580 euros<\/p>\n","protected":false},"featured_media":1045,"template":"","meta":{"site-sidebar-layout":"default","site-content-layout":"default","ast-site-content-layout":"default","site-content-style":"default","site-sidebar-style":"default","ast-global-header-display":"","ast-banner-title-visibility":"","ast-main-header-display":"","ast-hfb-above-header-display":"","ast-hfb-below-header-display":"","ast-hfb-mobile-header-display":"","site-post-title":"","ast-breadcrumbs-content":"","ast-featured-img":"","footer-sml-layout":"","ast-disable-related-posts":"","theme-transparent-header-meta":"default","adv-header-id-meta":"","stick-header-meta":"","header-above-stick-meta":"","header-main-stick-meta":"","header-below-stick-meta":"","astra-migrate-meta-layouts":"default","ast-page-background-enabled":"default","ast-page-background-meta":{"desktop":{"background-color":"","background-image":"","background-repeat":"repeat","background-position":"center center","background-size":"auto","background-attachment":"scroll","background-type":"","background-media":"","overlay-type":"","overlay-color":"","overlay-opacity":"","overlay-gradient":""},"tablet":{"background-color":"","background-image":"","background-repeat":"repeat","background-position":"center center","background-size":"auto","background-attachment":"scroll","background-type":"","background-media":"","overlay-type":"","overlay-color":"","overlay-opacity":"","overlay-gradient":""},"mobile":{"background-color":"","background-image":"","background-repeat":"repeat","background-position":"center center","background-size":"auto","background-attachment":"scroll","background-type":"","background-media":"","overlay-type":"","overlay-color":"","overlay-opacity":"","overlay-gradient":""}},"ast-content-background-meta":{"desktop":{"background-color":"var(--ast-global-color-5)","background-image":"","background-repeat":"repeat","background-position":"center center","background-size":"auto","background-attachment":"scroll","background-type":"","background-media":"","overlay-type":"","overlay-color":"","overlay-opacity":"","overlay-gradient":""},"tablet":{"background-color":"var(--ast-global-color-5)","background-image":"","background-repeat":"repeat","background-position":"center center","background-size":"auto","background-attachment":"scroll","background-type":"","background-media":"","overlay-type":"","overlay-color":"","overlay-opacity":"","overlay-gradient":""},"mobile":{"background-color":"var(--ast-global-color-5)","background-image":"","background-repeat":"repeat","background-position":"center center","background-size":"auto","background-attachment":"scroll","background-type":"","background-media":"","overlay-type":"","overlay-color":"","overlay-opacity":"","overlay-gradient":""}}},"product_brand":[],"product_cat":[40,22],"product_tag":[],"class_list":{"0":"post-1052","1":"product","2":"type-product","3":"status-publish","4":"has-post-thumbnail","6":"product_cat-archeologie","7":"product_cat-antiquites","8":"product_shipping_class-medium","9":"desktop-align-left","10":"tablet-align-left","11":"mobile-align-left","13":"first","14":"instock","15":"sold-individually","16":"shipping-taxable","17":"purchasable","18":"product-type-simple"},"yoast_head":"<!-- This site is optimized with the Yoast SEO plugin v24.8.1 - https:\/\/yoast.com\/wordpress\/plugins\/seo\/ -->\n<title>Chien gras verseuse zoomorphe, Terre cuite avec engobe rouge caf\u00e9. Colima, Mexique, 100 avant J.C.-250 apr\u00e8s J.C. - Le cabinet de curiosit\u00e9s<\/title>\n<meta name=\"robots\" content=\"index, follow, max-snippet:-1, max-image-preview:large, max-video-preview:-1\" \/>\n<link rel=\"canonical\" href=\"https:\/\/curiosites.lmparis.fr\/index.php\/produit\/verseuse-zoomorphe-en-terre-cuite-2\/\" \/>\n<meta property=\"og:locale\" content=\"fr_FR\" \/>\n<meta property=\"og:type\" content=\"article\" \/>\n<meta property=\"og:title\" content=\"Chien gras verseuse zoomorphe, Terre cuite avec engobe rouge caf\u00e9. Colima, Mexique, 100 avant J.C.-250 apr\u00e8s J.C. - Le cabinet de curiosit\u00e9s\" \/>\n<meta property=\"og:description\" content=\"CHIEN GRAS DE LA CULTURE COLIMA. Cette terre cuite a \u00e9t\u00e9 r\u00e9alis\u00e9e ente -200 et + 200 de notre \u00e8re par les populations de l\u2019ouest mexicain et plus pr\u00e9cis\u00e9ment de Colima. Son ventre dodu montre que ce chien a \u00e9t\u00e9 engraiss\u00e9 pour \u00eatre mang\u00e9. Consid\u00e9r\u00e9 par les indiens d\u2019Am\u00e9rique du Sud comme un mets de luxe particuli\u00e8rement savoureux, sa chair \u00e9tait \u00e9galement r\u00e9put\u00e9e pour ses propri\u00e9t\u00e9s b\u00e9n\u00e9fiques pour la sant\u00e9. Il se tient debout, camp\u00e9 sur ses courtes pattes, les oreilles et la queue dress\u00e9es : l\u2019animal prend manifestement une posture d\u00e9fensive.  La mission de ce chien sacr\u00e9 du nom de Xoloitzcuintle \u00e9tait en effet de prot\u00e9ger les morts dans leur voyage vers l\u2019au-del\u00e0. Ainsi, sa place se trouvait dans le tombeau, juste \u00e0 c\u00f4t\u00e9 du d\u00e9funt. La profondeur des tombes de la culture Colima a d\u2019ailleurs pr\u00e9serv\u00e9 cette \u0153uvre en lui \u00e9vitant tout contact avec la lumi\u00e8re, ce qui explique son bon \u00e9tat de conservation ainsi que la fra\u00eecheur de l\u2019engobe.  La finesse de cette importante sculpture \u00a0indique que son auteur devait \u00eatre un ma\u00eetre artisan de grande renomm\u00e9e. Le chien contient une bille et fait un bruit de hochet quand on le secoue.  Pr\u00e9colombien, Mexique, culture Colima, P\u00e9riode proto-classique, 200 avant \u00e0 200 apr\u00e8s J. Terre cuite \u00e0 engobe brun-rouge sans aucun d\u00e9faut- parfait \u00e9tat de conservation \u2013 aucune restauration.  Largeur: 16 cm \u00a0 \u00a0 Longueur: 9.5 cm \u00a0 \u00a0 Hauteur: 8 cm  Prix :580 euros\" \/>\n<meta property=\"og:url\" content=\"https:\/\/curiosites.lmparis.fr\/index.php\/produit\/verseuse-zoomorphe-en-terre-cuite-2\/\" \/>\n<meta property=\"og:site_name\" content=\"Le cabinet de curiosit\u00e9s\" \/>\n<meta property=\"article:modified_time\" content=\"2020-12-11T21:43:26+00:00\" \/>\n<meta property=\"og:image\" content=\"https:\/\/curiosites.lmparis.fr\/wp-content\/uploads\/2020\/10\/terracotta-colima_6.jpeg\" \/>\n\t<meta property=\"og:image:width\" content=\"1280\" \/>\n\t<meta property=\"og:image:height\" content=\"1280\" \/>\n\t<meta property=\"og:image:type\" content=\"image\/jpeg\" \/>\n<meta name=\"twitter:card\" content=\"summary_large_image\" \/>\n<script type=\"application\/ld+json\" class=\"yoast-schema-graph\">{\"@context\":\"https:\/\/schema.org\",\"@graph\":[{\"@type\":\"WebPage\",\"@id\":\"https:\/\/curiosites.lmparis.fr\/index.php\/produit\/verseuse-zoomorphe-en-terre-cuite-2\/\",\"url\":\"https:\/\/curiosites.lmparis.fr\/index.php\/produit\/verseuse-zoomorphe-en-terre-cuite-2\/\",\"name\":\"Chien gras verseuse zoomorphe, Terre cuite avec engobe rouge caf\u00e9. Colima, Mexique, 100 avant J.C.-250 apr\u00e8s J.C. - Le cabinet de curiosit\u00e9s\",\"isPartOf\":{\"@id\":\"https:\/\/curiosites.lmparis.fr\/#website\"},\"primaryImageOfPage\":{\"@id\":\"https:\/\/curiosites.lmparis.fr\/index.php\/produit\/verseuse-zoomorphe-en-terre-cuite-2\/#primaryimage\"},\"image\":{\"@id\":\"https:\/\/curiosites.lmparis.fr\/index.php\/produit\/verseuse-zoomorphe-en-terre-cuite-2\/#primaryimage\"},\"thumbnailUrl\":\"https:\/\/curiosites.lmparis.fr\/wp-content\/uploads\/2020\/10\/terracotta-colima_6.jpeg\",\"datePublished\":\"2020-10-13T18:39:01+00:00\",\"dateModified\":\"2020-12-11T21:43:26+00:00\",\"breadcrumb\":{\"@id\":\"https:\/\/curiosites.lmparis.fr\/index.php\/produit\/verseuse-zoomorphe-en-terre-cuite-2\/#breadcrumb\"},\"inLanguage\":\"fr-FR\",\"potentialAction\":[{\"@type\":\"ReadAction\",\"target\":[\"https:\/\/curiosites.lmparis.fr\/index.php\/produit\/verseuse-zoomorphe-en-terre-cuite-2\/\"]}]},{\"@type\":\"ImageObject\",\"inLanguage\":\"fr-FR\",\"@id\":\"https:\/\/curiosites.lmparis.fr\/index.php\/produit\/verseuse-zoomorphe-en-terre-cuite-2\/#primaryimage\",\"url\":\"https:\/\/curiosites.lmparis.fr\/wp-content\/uploads\/2020\/10\/terracotta-colima_6.jpeg\",\"contentUrl\":\"https:\/\/curiosites.lmparis.fr\/wp-content\/uploads\/2020\/10\/terracotta-colima_6.jpeg\",\"width\":1280,\"height\":1280},{\"@type\":\"BreadcrumbList\",\"@id\":\"https:\/\/curiosites.lmparis.fr\/index.php\/produit\/verseuse-zoomorphe-en-terre-cuite-2\/#breadcrumb\",\"itemListElement\":[{\"@type\":\"ListItem\",\"position\":1,\"name\":\"Accueil\",\"item\":\"https:\/\/curiosites.lmparis.fr\/\"},{\"@type\":\"ListItem\",\"position\":2,\"name\":\"Boutique\",\"item\":\"https:\/\/curiosites.lmparis.fr\/index.php\/boutique\/\"},{\"@type\":\"ListItem\",\"position\":3,\"name\":\"Chien gras verseuse zoomorphe, Terre cuite avec engobe rouge caf\u00e9. Colima, Mexique, 100 avant J.C.-250 apr\u00e8s J.C.\"}]},{\"@type\":\"WebSite\",\"@id\":\"https:\/\/curiosites.lmparis.fr\/#website\",\"url\":\"https:\/\/curiosites.lmparis.fr\/\",\"name\":\"Le cabinet de curiosit\u00e9s\",\"description\":\"art, objets d&#039;art , antiquit\u00e9s. objet de curiosit\u00e9s, porcelaines\",\"publisher\":{\"@id\":\"https:\/\/curiosites.lmparis.fr\/#\/schema\/person\/cda334754a2494b4fabed1f26b450aea\"},\"potentialAction\":[{\"@type\":\"SearchAction\",\"target\":{\"@type\":\"EntryPoint\",\"urlTemplate\":\"https:\/\/curiosites.lmparis.fr\/?s={search_term_string}\"},\"query-input\":{\"@type\":\"PropertyValueSpecification\",\"valueRequired\":true,\"valueName\":\"search_term_string\"}}],\"inLanguage\":\"fr-FR\"},{\"@type\":[\"Person\",\"Organization\"],\"@id\":\"https:\/\/curiosites.lmparis.fr\/#\/schema\/person\/cda334754a2494b4fabed1f26b450aea\",\"name\":\"akolangTo\",\"image\":{\"@type\":\"ImageObject\",\"inLanguage\":\"fr-FR\",\"@id\":\"https:\/\/curiosites.lmparis.fr\/#\/schema\/person\/image\/\",\"url\":\"https:\/\/curiosites.lmparis.fr\/wp-content\/uploads\/2020\/11\/blue-on-white-logo-160.png\",\"contentUrl\":\"https:\/\/curiosites.lmparis.fr\/wp-content\/uploads\/2020\/11\/blue-on-white-logo-160.png\",\"width\":160,\"height\":160,\"caption\":\"akolangTo\"},\"logo\":{\"@id\":\"https:\/\/curiosites.lmparis.fr\/#\/schema\/person\/image\/\"}}]}<\/script>\n<!-- \/ Yoast SEO plugin. -->","yoast_head_json":{"title":"Chien gras verseuse zoomorphe, Terre cuite avec engobe rouge caf\u00e9. Colima, Mexique, 100 avant J.C.-250 apr\u00e8s J.C. - Le cabinet de curiosit\u00e9s","robots":{"index":"index","follow":"follow","max-snippet":"max-snippet:-1","max-image-preview":"max-image-preview:large","max-video-preview":"max-video-preview:-1"},"canonical":"https:\/\/curiosites.lmparis.fr\/index.php\/produit\/verseuse-zoomorphe-en-terre-cuite-2\/","og_locale":"fr_FR","og_type":"article","og_title":"Chien gras verseuse zoomorphe, Terre cuite avec engobe rouge caf\u00e9. Colima, Mexique, 100 avant J.C.-250 apr\u00e8s J.C. - Le cabinet de curiosit\u00e9s","og_description":"CHIEN GRAS DE LA CULTURE COLIMA. Cette terre cuite a \u00e9t\u00e9 r\u00e9alis\u00e9e ente -200 et + 200 de notre \u00e8re par les populations de l\u2019ouest mexicain et plus pr\u00e9cis\u00e9ment de Colima. Son ventre dodu montre que ce chien a \u00e9t\u00e9 engraiss\u00e9 pour \u00eatre mang\u00e9. Consid\u00e9r\u00e9 par les indiens d\u2019Am\u00e9rique du Sud comme un mets de luxe particuli\u00e8rement savoureux, sa chair \u00e9tait \u00e9galement r\u00e9put\u00e9e pour ses propri\u00e9t\u00e9s b\u00e9n\u00e9fiques pour la sant\u00e9. Il se tient debout, camp\u00e9 sur ses courtes pattes, les oreilles et la queue dress\u00e9es : l\u2019animal prend manifestement une posture d\u00e9fensive.  La mission de ce chien sacr\u00e9 du nom de Xoloitzcuintle \u00e9tait en effet de prot\u00e9ger les morts dans leur voyage vers l\u2019au-del\u00e0. Ainsi, sa place se trouvait dans le tombeau, juste \u00e0 c\u00f4t\u00e9 du d\u00e9funt. La profondeur des tombes de la culture Colima a d\u2019ailleurs pr\u00e9serv\u00e9 cette \u0153uvre en lui \u00e9vitant tout contact avec la lumi\u00e8re, ce qui explique son bon \u00e9tat de conservation ainsi que la fra\u00eecheur de l\u2019engobe.  La finesse de cette importante sculpture \u00a0indique que son auteur devait \u00eatre un ma\u00eetre artisan de grande renomm\u00e9e. Le chien contient une bille et fait un bruit de hochet quand on le secoue.  Pr\u00e9colombien, Mexique, culture Colima, P\u00e9riode proto-classique, 200 avant \u00e0 200 apr\u00e8s J. Terre cuite \u00e0 engobe brun-rouge sans aucun d\u00e9faut- parfait \u00e9tat de conservation \u2013 aucune restauration.  Largeur: 16 cm \u00a0 \u00a0 Longueur: 9.5 cm \u00a0 \u00a0 Hauteur: 8 cm  Prix :580 euros","og_url":"https:\/\/curiosites.lmparis.fr\/index.php\/produit\/verseuse-zoomorphe-en-terre-cuite-2\/","og_site_name":"Le cabinet de curiosit\u00e9s","article_modified_time":"2020-12-11T21:43:26+00:00","og_image":[{"width":1280,"height":1280,"url":"https:\/\/curiosites.lmparis.fr\/wp-content\/uploads\/2020\/10\/terracotta-colima_6.jpeg","type":"image\/jpeg"}],"twitter_card":"summary_large_image","schema":{"@context":"https:\/\/schema.org","@graph":[{"@type":"WebPage","@id":"https:\/\/curiosites.lmparis.fr\/index.php\/produit\/verseuse-zoomorphe-en-terre-cuite-2\/","url":"https:\/\/curiosites.lmparis.fr\/index.php\/produit\/verseuse-zoomorphe-en-terre-cuite-2\/","name":"Chien gras verseuse zoomorphe, Terre cuite avec engobe rouge caf\u00e9. Colima, Mexique, 100 avant J.C.-250 apr\u00e8s J.C. - Le cabinet de curiosit\u00e9s","isPartOf":{"@id":"https:\/\/curiosites.lmparis.fr\/#website"},"primaryImageOfPage":{"@id":"https:\/\/curiosites.lmparis.fr\/index.php\/produit\/verseuse-zoomorphe-en-terre-cuite-2\/#primaryimage"},"image":{"@id":"https:\/\/curiosites.lmparis.fr\/index.php\/produit\/verseuse-zoomorphe-en-terre-cuite-2\/#primaryimage"},"thumbnailUrl":"https:\/\/curiosites.lmparis.fr\/wp-content\/uploads\/2020\/10\/terracotta-colima_6.jpeg","datePublished":"2020-10-13T18:39:01+00:00","dateModified":"2020-12-11T21:43:26+00:00","breadcrumb":{"@id":"https:\/\/curiosites.lmparis.fr\/index.php\/produit\/verseuse-zoomorphe-en-terre-cuite-2\/#breadcrumb"},"inLanguage":"fr-FR","potentialAction":[{"@type":"ReadAction","target":["https:\/\/curiosites.lmparis.fr\/index.php\/produit\/verseuse-zoomorphe-en-terre-cuite-2\/"]}]},{"@type":"ImageObject","inLanguage":"fr-FR","@id":"https:\/\/curiosites.lmparis.fr\/index.php\/produit\/verseuse-zoomorphe-en-terre-cuite-2\/#primaryimage","url":"https:\/\/curiosites.lmparis.fr\/wp-content\/uploads\/2020\/10\/terracotta-colima_6.jpeg","contentUrl":"https:\/\/curiosites.lmparis.fr\/wp-content\/uploads\/2020\/10\/terracotta-colima_6.jpeg","width":1280,"height":1280},{"@type":"BreadcrumbList","@id":"https:\/\/curiosites.lmparis.fr\/index.php\/produit\/verseuse-zoomorphe-en-terre-cuite-2\/#breadcrumb","itemListElement":[{"@type":"ListItem","position":1,"name":"Accueil","item":"https:\/\/curiosites.lmparis.fr\/"},{"@type":"ListItem","position":2,"name":"Boutique","item":"https:\/\/curiosites.lmparis.fr\/index.php\/boutique\/"},{"@type":"ListItem","position":3,"name":"Chien gras verseuse zoomorphe, Terre cuite avec engobe rouge caf\u00e9. Colima, Mexique, 100 avant J.C.-250 apr\u00e8s J.C."}]},{"@type":"WebSite","@id":"https:\/\/curiosites.lmparis.fr\/#website","url":"https:\/\/curiosites.lmparis.fr\/","name":"Le cabinet de curiosit\u00e9s","description":"art, objets d&#039;art , antiquit\u00e9s. objet de curiosit\u00e9s, porcelaines","publisher":{"@id":"https:\/\/curiosites.lmparis.fr\/#\/schema\/person\/cda334754a2494b4fabed1f26b450aea"},"potentialAction":[{"@type":"SearchAction","target":{"@type":"EntryPoint","urlTemplate":"https:\/\/curiosites.lmparis.fr\/?s={search_term_string}"},"query-input":{"@type":"PropertyValueSpecification","valueRequired":true,"valueName":"search_term_string"}}],"inLanguage":"fr-FR"},{"@type":["Person","Organization"],"@id":"https:\/\/curiosites.lmparis.fr\/#\/schema\/person\/cda334754a2494b4fabed1f26b450aea","name":"akolangTo","image":{"@type":"ImageObject","inLanguage":"fr-FR","@id":"https:\/\/curiosites.lmparis.fr\/#\/schema\/person\/image\/","url":"https:\/\/curiosites.lmparis.fr\/wp-content\/uploads\/2020\/11\/blue-on-white-logo-160.png","contentUrl":"https:\/\/curiosites.lmparis.fr\/wp-content\/uploads\/2020\/11\/blue-on-white-logo-160.png","width":160,"height":160,"caption":"akolangTo"},"logo":{"@id":"https:\/\/curiosites.lmparis.fr\/#\/schema\/person\/image\/"}}]}},"jetpack_sharing_enabled":true,"_links":{"self":[{"href":"https:\/\/curiosites.lmparis.fr\/index.php\/wp-json\/wp\/v2\/product\/1052","targetHints":{"allow":["GET"]}}],"collection":[{"href":"https:\/\/curiosites.lmparis.fr\/index.php\/wp-json\/wp\/v2\/product"}],"about":[{"href":"https:\/\/curiosites.lmparis.fr\/index.php\/wp-json\/wp\/v2\/types\/product"}],"wp:featuredmedia":[{"embeddable":true,"href":"https:\/\/curiosites.lmparis.fr\/index.php\/wp-json\/wp\/v2\/media\/1045"}],"wp:attachment":[{"href":"https:\/\/curiosites.lmparis.fr\/index.php\/wp-json\/wp\/v2\/media?parent=1052"}],"wp:term":[{"taxonomy":"product_brand","embeddable":true,"href":"https:\/\/curiosites.lmparis.fr\/index.php\/wp-json\/wp\/v2\/product_brand?post=1052"},{"taxonomy":"product_cat","embeddable":true,"href":"https:\/\/curiosites.lmparis.fr\/index.php\/wp-json\/wp\/v2\/product_cat?post=1052"},{"taxonomy":"product_tag","embeddable":true,"href":"https:\/\/curiosites.lmparis.fr\/index.php\/wp-json\/wp\/v2\/product_tag?post=1052"}],"curies":[{"name":"wp","href":"https:\/\/api.w.org\/{rel}","templated":true}]}}