{"id":447,"date":"2020-10-02T22:53:42","date_gmt":"2020-10-02T20:53:42","guid":{"rendered":"http:\/\/curiosites.lmparis.fr\/?page_id=447"},"modified":"2020-11-26T16:04:12","modified_gmt":"2020-11-26T15:04:12","slug":"qui-sommes-nous","status":"publish","type":"page","link":"https:\/\/curiosites.lmparis.fr\/index.php\/qui-sommes-nous\/","title":{"rendered":"Qui sommes-nous?"},"content":{"rendered":"\t\t<div data-elementor-type=\"wp-page\" data-elementor-id=\"447\" class=\"elementor elementor-447\">\n\t\t\t\t\t\t<section class=\"elementor-section elementor-top-section elementor-element elementor-element-cab5be3 elementor-section-boxed elementor-section-height-default elementor-section-height-default\" data-id=\"cab5be3\" data-element_type=\"section\" data-e-type=\"section\">\n\t\t\t\t\t\t<div class=\"elementor-container elementor-column-gap-default\">\n\t\t\t\t\t<div class=\"elementor-column elementor-col-100 elementor-top-column elementor-element elementor-element-199a2a6\" data-id=\"199a2a6\" data-element_type=\"column\" data-e-type=\"column\">\n\t\t\t<div class=\"elementor-widget-wrap elementor-element-populated\">\n\t\t\t\t\t\t<div class=\"elementor-element elementor-element-774b97a elementor-widget elementor-widget-heading\" data-id=\"774b97a\" data-element_type=\"widget\" data-e-type=\"widget\" data-widget_type=\"heading.default\">\n\t\t\t\t<div class=\"elementor-widget-container\">\n\t\t\t\t\t<h2 class=\"elementor-heading-title elementor-size-default\">Qui sommes-nous?<\/h2>\t\t\t\t<\/div>\n\t\t\t\t<\/div>\n\t\t\t\t\t<\/div>\n\t\t<\/div>\n\t\t\t\t\t<\/div>\n\t\t<\/section>\n\t\t\t\t<section class=\"elementor-section elementor-top-section elementor-element elementor-element-2d8ecda elementor-section-boxed elementor-section-height-default elementor-section-height-default\" data-id=\"2d8ecda\" data-element_type=\"section\" data-e-type=\"section\">\n\t\t\t\t\t\t<div class=\"elementor-container elementor-column-gap-default\">\n\t\t\t\t\t<div class=\"elementor-column elementor-col-100 elementor-top-column elementor-element elementor-element-888165a\" data-id=\"888165a\" data-element_type=\"column\" data-e-type=\"column\">\n\t\t\t<div class=\"elementor-widget-wrap elementor-element-populated\">\n\t\t\t\t\t\t<div class=\"elementor-element elementor-element-78a3203 elementor-widget elementor-widget-text-editor\" data-id=\"78a3203\" data-element_type=\"widget\" data-e-type=\"widget\" data-widget_type=\"text-editor.default\">\n\t\t\t\t<div class=\"elementor-widget-container\">\n\t\t\t\t\t\t\t\t\t<h3>La r\u00e9ponse se trouve en visitant ces 3 adresses internet.<\/h3><p>Vous allez acc\u00e9der \u00e0 une partie de notre intimit\u00e9, et elles vous conduiront \u00e0 nos collections les plus divers, \u00e0 notre travail artistique, de cr\u00e9ateurs et \u00e0 la d\u00e9couverte des produits de notre marque de maroquinerie.<\/p><h5><strong>Pourquoi LM?<\/strong><\/h5><p>LM est le monogramme de nos deux noms (<em>patrick <strong>L<\/strong><\/em><em>ionnet et jonathan<\/em> <em><strong>M<\/strong>endoza<\/em>).\u00a0<span style=\"font-size: 15px;\">Les deux lettres initiales r\u00e9sument, identifient et concentrent l\u2019histoire de nos vies. \u00a0<\/span><span style=\"font-size: 15px;\">L\u2019Asie et l\u2019Europe se sont rencontr\u00e9es il y a vingt-trois ans et la curiosit\u00e9 de chacun pour nos cultures respectives n\u2019a eu de cesse de nous enrichir. Ensemble nous avons cr\u00e9\u00e9, cherch\u00e9, collect\u00e9, acquis, d\u00e9couvert.<\/span><\/p><p><span style=\"font-size: 15px;\">Notre cabinet de curiosit\u00e9s, en est le t\u00e9moignage.<\/span><\/p><h5>1. Le Cabinet de curiosit\u00e9s. <a href=\"https:\/\/curiosites.lmparis.fr\/\">https:\/\/curiosites.lmparis.fr<\/a><\/h5><p>C\u2019est l\u2019adresse de notre site o\u00f9 vous pouvez d\u00e9couvrir des objets beaux, \u00e9tranges, grands ou petits. Ils sont riches en histoires et sont les t\u00e9moignages esth\u00e9tiques, langage po\u00e9tique d\u2019artistes ou d\u2019artisans \u00e0 l\u2019immense talent cr\u00e9atif.\u00a0 Bibelots, objets de d\u00e9corations, antiquit\u00e9s ou pi\u00e8ces artistiques uniques, tableaux, gravures, petites sculptures et petits bijoux, r\u00e9alis\u00e9s par nous-m\u00eames ou acquis au gr\u00e8s de nos voyages.<\/p><p>Ils t\u00e9moignent tous de la richesse des cultures crois\u00e9es sur le chemin de nos vies et le d\u00e9sir profond de renouer avec nos r\u00eaves &amp; passions en nous appropriant ces objets et ces cr\u00e9ations. Ils expriment ce qui nous construit, ils calment nos angoisses, en apportent de la joie et une \u00e9nergie cr\u00e9ative bouillonnante.<\/p><p>En collectant ces merveilles<u>,<\/u> nous nous rassurons, nous \u00e9changeons avec les autres et nous vous transmettons et partageons nos coups de c\u0153ur.<\/p><p>Il est temps pour nous de vous les pr\u00e9senter.<\/p><p>Ce moment signe la transmission de notre h\u00e9ritage<u>,<\/u> nous nous s\u00e9parons de tout.<\/p><p>La richesse qu\u2019ils nous ont apport\u00e9e est immense, si ces objets vous parlent et vous plaisent, alors n\u2019h\u00e9sitez pas vous pouvez les acqu\u00e9rir.<\/p><h5>2. La marque de maroquinerie\u00a0: <a href=\"http:\/\/www.lmparis.com\/\">www.lmparis.com<\/a><\/h5><p>LM Paris est la marque que Jonathan et Patrick ont fait na\u00eetre.<\/p><p>Pour satisfaire nos recherches personnelles rest\u00e9es infructueuses depuis longtemps, nous avons d\u00e9cid\u00e9s de cr\u00e9er et produire nos propres designs de portefeuilles, porte-cartes,<\/p><p>Porte-monnaie, trousses etc.\u00a0\u00ab\u00a0On n\u2019est jamais mieux servi que par soit m\u00eame\u00a0\u00bb dit-on\u00a0!<\/p><p>De ce fait, est n\u00e9e la marque de petite maroquinerie en Galuchat, crocodile et cuirs LM Paris (Elle aime Paris).<\/p><p>En consultant ce site web <a href=\"http:\/\/www.lmparis.com\/\">www.lmparis.com<\/a>, vous pourrez d\u00e9couvrir nos collections.<\/p><p>Ces objets, nous l\u2019esp\u00e9rons, r\u00e9pondront \u00e0 votre sensibilit\u00e9 et ils sauront accompagner vos besoins de bien \u00eatre au quotidien.<\/p><p>Leurs couleurs vivantes, leurs fonctionnalit\u00e9s \u00e9videntes, la qualit\u00e9 de leurs fabrications et la rigoureuse s\u00e9lection des cuirs utilis\u00e9s r\u00e9pondent \u00e0 nos exigences.<\/p><h5>3.\u00a0Patrick Lionnet l\u2019artiste : <a href=\"http:\/\/www.lionnetpatrick.com\/\">www.lionnetpatrick.com<\/a><\/h5><p>Ce site pr\u00e9sente les cr\u00e9ations de Patrick, sculpteur, peintre et joaillier cr\u00e9ateur.<\/p><p>Tout ici est le fruit du cheminement de sa vie artistique.<\/p><p>La sculpture, la peinture, le dessin et la joaillerie sont ses langues de communication, ses mots, ceux qui traduisent le mieux sa sensibilit\u00e9, sa po\u00e9sie, ses craintes et ses doutes, les t\u00e9moins de la vie d\u2019un artiste dans son \u00e9poque.<\/p><p>Si vous avez une question concernant son \u0153uvre, n\u2019h\u00e9sitez pas. <em>(Toutes les sculptures sont disponibles et r\u00e9alis\u00e9es en une \u00e9dition de 8 exemplaires chacune pour respecter la loi d\u00e9finissant l\u2019\u0153uvre originale versus les \u0153uvres en multiples.<\/em><\/p><p><em>Les peintures dessins et bijoux pr\u00e9sent\u00e9s ne sont pas tous disponibles ceux qui ne le sont pas ont un indicateur CP (pour collection priv\u00e9e) D (pour disponible \u00e0 la vente)<\/em><\/p><p>Si votre d\u00e9sir profond est de renouer avec la po\u00e9sie et l\u2019art, alors n\u2019h\u00e9sitez pas, faites-vous plaisir, achetez une \u0153uvre.<\/p><p>C\u2019est en faisant ainsi que les artistes restent vivants et continue de t\u00e9moigner de leur \u00e9poque et de l\u2019art de vivre.<\/p><p>Voici donc ce que regroupe nos sites.<\/p><p>Notre monde s\u2019ouvre \u00e0 vos regards et \u00e0 votre sensibilit\u00e9.<\/p><p>Avec toute notre amiti\u00e9.<\/p><p><em>Patrick<\/em>\u00a0\u00a0<em>et Jonathan<\/em><\/p>\t\t\t\t\t\t\t\t<\/div>\n\t\t\t\t<\/div>\n\t\t\t\t\t<\/div>\n\t\t<\/div>\n\t\t\t\t\t<\/div>\n\t\t<\/section>\n\t\t\t\t<section class=\"elementor-section elementor-top-section elementor-element elementor-element-9838fc2 elementor-section-boxed elementor-section-height-default elementor-section-height-default\" data-id=\"9838fc2\" data-element_type=\"section\" data-e-type=\"section\">\n\t\t\t\t\t\t<div class=\"elementor-container elementor-column-gap-default\">\n\t\t\t\t\t<div class=\"elementor-column elementor-col-100 elementor-top-column elementor-element elementor-element-c6db7e4\" data-id=\"c6db7e4\" data-element_type=\"column\" data-e-type=\"column\">\n\t\t\t<div class=\"elementor-widget-wrap elementor-element-populated\">\n\t\t\t\t\t\t<div class=\"elementor-element elementor-element-5122583 elementor-align-center elementor-widget elementor-widget-button\" data-id=\"5122583\" data-element_type=\"widget\" data-e-type=\"widget\" data-widget_type=\"button.default\">\n\t\t\t\t<div class=\"elementor-widget-container\">\n\t\t\t\t\t\t\t\t\t<div class=\"elementor-button-wrapper\">\n\t\t\t\t\t<a class=\"elementor-button elementor-button-link elementor-size-sm\" href=\"https:\/\/curiosites.lmparis.fr\/index.php\/contacts\/\">\n\t\t\t\t\t\t<span class=\"elementor-button-content-wrapper\">\n\t\t\t\t\t\t\t\t\t<span class=\"elementor-button-text\">Contactez-nous<\/span>\n\t\t\t\t\t<\/span>\n\t\t\t\t\t<\/a>\n\t\t\t\t<\/div>\n\t\t\t\t\t\t\t\t<\/div>\n\t\t\t\t<\/div>\n\t\t\t\t\t<\/div>\n\t\t<\/div>\n\t\t\t\t\t<\/div>\n\t\t<\/section>\n\t\t\t\t<\/div>\n\t\t","protected":false},"excerpt":{"rendered":"<p>Qui sommes-nous? La r\u00e9ponse se trouve en visitant ces 3 adresses internet. Vous allez acc\u00e9der \u00e0 une partie de notre intimit\u00e9, et elles vous conduiront \u00e0 nos collections les plus divers, \u00e0 notre travail artistique, de cr\u00e9ateurs et \u00e0 la d\u00e9couverte des produits de notre marque de maroquinerie. Pourquoi LM? LM est le monogramme de [&hellip;]<\/p>\n","protected":false},"author":1,"featured_media":0,"parent":0,"menu_order":0,"comment_status":"closed","ping_status":"closed","template":"","meta":{"site-sidebar-layout":"no-sidebar","site-content-layout":"page-builder","ast-site-content-layout":"default","site-content-style":"default","site-sidebar-style":"default","ast-global-header-display":"","ast-banner-title-visibility":"","ast-main-header-display":"","ast-hfb-above-header-display":"","ast-hfb-below-header-display":"","ast-hfb-mobile-header-display":"","site-post-title":"disabled","ast-breadcrumbs-content":"","ast-featured-img":"disabled","footer-sml-layout":"","ast-disable-related-posts":"","theme-transparent-header-meta":"","adv-header-id-meta":"","stick-header-meta":"","header-above-stick-meta":"","header-main-stick-meta":"","header-below-stick-meta":"","astra-migrate-meta-layouts":"default","ast-page-background-enabled":"default","ast-page-background-meta":{"desktop":{"background-color":"","background-image":"","background-repeat":"repeat","background-position":"center center","background-size":"auto","background-attachment":"scroll","background-type":"","background-media":"","overlay-type":"","overlay-color":"","overlay-opacity":"","overlay-gradient":""},"tablet":{"background-color":"","background-image":"","background-repeat":"repeat","background-position":"center center","background-size":"auto","background-attachment":"scroll","background-type":"","background-media":"","overlay-type":"","overlay-color":"","overlay-opacity":"","overlay-gradient":""},"mobile":{"background-color":"","background-image":"","background-repeat":"repeat","background-position":"center center","background-size":"auto","background-attachment":"scroll","background-type":"","background-media":"","overlay-type":"","overlay-color":"","overlay-opacity":"","overlay-gradient":""}},"ast-content-background-meta":{"desktop":{"background-color":"var(--ast-global-color-5)","background-image":"","background-repeat":"repeat","background-position":"center center","background-size":"auto","background-attachment":"scroll","background-type":"","background-media":"","overlay-type":"","overlay-color":"","overlay-opacity":"","overlay-gradient":""},"tablet":{"background-color":"var(--ast-global-color-5)","background-image":"","background-repeat":"repeat","background-position":"center center","background-size":"auto","background-attachment":"scroll","background-type":"","background-media":"","overlay-type":"","overlay-color":"","overlay-opacity":"","overlay-gradient":""},"mobile":{"background-color":"var(--ast-global-color-5)","background-image":"","background-repeat":"repeat","background-position":"center center","background-size":"auto","background-attachment":"scroll","background-type":"","background-media":"","overlay-type":"","overlay-color":"","overlay-opacity":"","overlay-gradient":""}},"footnotes":""},"class_list":["post-447","page","type-page","status-publish","hentry"],"yoast_head":"<!-- This site is optimized with the Yoast SEO plugin v24.8.1 - https:\/\/yoast.com\/wordpress\/plugins\/seo\/ -->\n<title>Qui sommes-nous? - Le cabinet de curiosit\u00e9s<\/title>\n<meta name=\"robots\" content=\"index, follow, max-snippet:-1, max-image-preview:large, max-video-preview:-1\" \/>\n<link rel=\"canonical\" href=\"https:\/\/curiosites.lmparis.fr\/index.php\/qui-sommes-nous\/\" \/>\n<meta property=\"og:locale\" content=\"fr_FR\" \/>\n<meta property=\"og:type\" content=\"article\" \/>\n<meta property=\"og:title\" content=\"Qui sommes-nous? - Le cabinet de curiosit\u00e9s\" \/>\n<meta property=\"og:description\" content=\"Qui sommes-nous? La r\u00e9ponse se trouve en visitant ces 3 adresses internet. Vous allez acc\u00e9der \u00e0 une partie de notre intimit\u00e9, et elles vous conduiront \u00e0 nos collections les plus divers, \u00e0 notre travail artistique, de cr\u00e9ateurs et \u00e0 la d\u00e9couverte des produits de notre marque de maroquinerie. Pourquoi LM? LM est le monogramme de [&hellip;]\" \/>\n<meta property=\"og:url\" content=\"https:\/\/curiosites.lmparis.fr\/index.php\/qui-sommes-nous\/\" \/>\n<meta property=\"og:site_name\" content=\"Le cabinet de curiosit\u00e9s\" \/>\n<meta property=\"article:modified_time\" content=\"2020-11-26T15:04:12+00:00\" \/>\n<meta name=\"twitter:card\" content=\"summary_large_image\" \/>\n<meta name=\"twitter:label1\" content=\"Dur\u00e9e de lecture estim\u00e9e\" \/>\n\t<meta name=\"twitter:data1\" content=\"4 minutes\" \/>\n<script type=\"application\/ld+json\" class=\"yoast-schema-graph\">{\"@context\":\"https:\/\/schema.org\",\"@graph\":[{\"@type\":\"WebPage\",\"@id\":\"https:\/\/curiosites.lmparis.fr\/index.php\/qui-sommes-nous\/\",\"url\":\"https:\/\/curiosites.lmparis.fr\/index.php\/qui-sommes-nous\/\",\"name\":\"Qui sommes-nous? - Le cabinet de curiosit\u00e9s\",\"isPartOf\":{\"@id\":\"https:\/\/curiosites.lmparis.fr\/#website\"},\"datePublished\":\"2020-10-02T20:53:42+00:00\",\"dateModified\":\"2020-11-26T15:04:12+00:00\",\"breadcrumb\":{\"@id\":\"https:\/\/curiosites.lmparis.fr\/index.php\/qui-sommes-nous\/#breadcrumb\"},\"inLanguage\":\"fr-FR\",\"potentialAction\":[{\"@type\":\"ReadAction\",\"target\":[\"https:\/\/curiosites.lmparis.fr\/index.php\/qui-sommes-nous\/\"]}]},{\"@type\":\"BreadcrumbList\",\"@id\":\"https:\/\/curiosites.lmparis.fr\/index.php\/qui-sommes-nous\/#breadcrumb\",\"itemListElement\":[{\"@type\":\"ListItem\",\"position\":1,\"name\":\"Accueil\",\"item\":\"https:\/\/curiosites.lmparis.fr\/\"},{\"@type\":\"ListItem\",\"position\":2,\"name\":\"Qui sommes-nous?\"}]},{\"@type\":\"WebSite\",\"@id\":\"https:\/\/curiosites.lmparis.fr\/#website\",\"url\":\"https:\/\/curiosites.lmparis.fr\/\",\"name\":\"Le cabinet de curiosit\u00e9s\",\"description\":\"art, objets d&#039;art , antiquit\u00e9s. objet de curiosit\u00e9s, porcelaines\",\"publisher\":{\"@id\":\"https:\/\/curiosites.lmparis.fr\/#\/schema\/person\/cda334754a2494b4fabed1f26b450aea\"},\"potentialAction\":[{\"@type\":\"SearchAction\",\"target\":{\"@type\":\"EntryPoint\",\"urlTemplate\":\"https:\/\/curiosites.lmparis.fr\/?s={search_term_string}\"},\"query-input\":{\"@type\":\"PropertyValueSpecification\",\"valueRequired\":true,\"valueName\":\"search_term_string\"}}],\"inLanguage\":\"fr-FR\"},{\"@type\":[\"Person\",\"Organization\"],\"@id\":\"https:\/\/curiosites.lmparis.fr\/#\/schema\/person\/cda334754a2494b4fabed1f26b450aea\",\"name\":\"akolangTo\",\"image\":{\"@type\":\"ImageObject\",\"inLanguage\":\"fr-FR\",\"@id\":\"https:\/\/curiosites.lmparis.fr\/#\/schema\/person\/image\/\",\"url\":\"https:\/\/curiosites.lmparis.fr\/wp-content\/uploads\/2020\/11\/blue-on-white-logo-160.png\",\"contentUrl\":\"https:\/\/curiosites.lmparis.fr\/wp-content\/uploads\/2020\/11\/blue-on-white-logo-160.png\",\"width\":160,\"height\":160,\"caption\":\"akolangTo\"},\"logo\":{\"@id\":\"https:\/\/curiosites.lmparis.fr\/#\/schema\/person\/image\/\"}}]}<\/script>\n<!-- \/ Yoast SEO plugin. -->","yoast_head_json":{"title":"Qui sommes-nous? - Le cabinet de curiosit\u00e9s","robots":{"index":"index","follow":"follow","max-snippet":"max-snippet:-1","max-image-preview":"max-image-preview:large","max-video-preview":"max-video-preview:-1"},"canonical":"https:\/\/curiosites.lmparis.fr\/index.php\/qui-sommes-nous\/","og_locale":"fr_FR","og_type":"article","og_title":"Qui sommes-nous? - Le cabinet de curiosit\u00e9s","og_description":"Qui sommes-nous? La r\u00e9ponse se trouve en visitant ces 3 adresses internet. Vous allez acc\u00e9der \u00e0 une partie de notre intimit\u00e9, et elles vous conduiront \u00e0 nos collections les plus divers, \u00e0 notre travail artistique, de cr\u00e9ateurs et \u00e0 la d\u00e9couverte des produits de notre marque de maroquinerie. Pourquoi LM? LM est le monogramme de [&hellip;]","og_url":"https:\/\/curiosites.lmparis.fr\/index.php\/qui-sommes-nous\/","og_site_name":"Le cabinet de curiosit\u00e9s","article_modified_time":"2020-11-26T15:04:12+00:00","twitter_card":"summary_large_image","twitter_misc":{"Dur\u00e9e de lecture estim\u00e9e":"4 minutes"},"schema":{"@context":"https:\/\/schema.org","@graph":[{"@type":"WebPage","@id":"https:\/\/curiosites.lmparis.fr\/index.php\/qui-sommes-nous\/","url":"https:\/\/curiosites.lmparis.fr\/index.php\/qui-sommes-nous\/","name":"Qui sommes-nous? - Le cabinet de curiosit\u00e9s","isPartOf":{"@id":"https:\/\/curiosites.lmparis.fr\/#website"},"datePublished":"2020-10-02T20:53:42+00:00","dateModified":"2020-11-26T15:04:12+00:00","breadcrumb":{"@id":"https:\/\/curiosites.lmparis.fr\/index.php\/qui-sommes-nous\/#breadcrumb"},"inLanguage":"fr-FR","potentialAction":[{"@type":"ReadAction","target":["https:\/\/curiosites.lmparis.fr\/index.php\/qui-sommes-nous\/"]}]},{"@type":"BreadcrumbList","@id":"https:\/\/curiosites.lmparis.fr\/index.php\/qui-sommes-nous\/#breadcrumb","itemListElement":[{"@type":"ListItem","position":1,"name":"Accueil","item":"https:\/\/curiosites.lmparis.fr\/"},{"@type":"ListItem","position":2,"name":"Qui sommes-nous?"}]},{"@type":"WebSite","@id":"https:\/\/curiosites.lmparis.fr\/#website","url":"https:\/\/curiosites.lmparis.fr\/","name":"Le cabinet de curiosit\u00e9s","description":"art, objets d&#039;art , antiquit\u00e9s. objet de curiosit\u00e9s, porcelaines","publisher":{"@id":"https:\/\/curiosites.lmparis.fr\/#\/schema\/person\/cda334754a2494b4fabed1f26b450aea"},"potentialAction":[{"@type":"SearchAction","target":{"@type":"EntryPoint","urlTemplate":"https:\/\/curiosites.lmparis.fr\/?s={search_term_string}"},"query-input":{"@type":"PropertyValueSpecification","valueRequired":true,"valueName":"search_term_string"}}],"inLanguage":"fr-FR"},{"@type":["Person","Organization"],"@id":"https:\/\/curiosites.lmparis.fr\/#\/schema\/person\/cda334754a2494b4fabed1f26b450aea","name":"akolangTo","image":{"@type":"ImageObject","inLanguage":"fr-FR","@id":"https:\/\/curiosites.lmparis.fr\/#\/schema\/person\/image\/","url":"https:\/\/curiosites.lmparis.fr\/wp-content\/uploads\/2020\/11\/blue-on-white-logo-160.png","contentUrl":"https:\/\/curiosites.lmparis.fr\/wp-content\/uploads\/2020\/11\/blue-on-white-logo-160.png","width":160,"height":160,"caption":"akolangTo"},"logo":{"@id":"https:\/\/curiosites.lmparis.fr\/#\/schema\/person\/image\/"}}]}},"jetpack_sharing_enabled":true,"_links":{"self":[{"href":"https:\/\/curiosites.lmparis.fr\/index.php\/wp-json\/wp\/v2\/pages\/447","targetHints":{"allow":["GET"]}}],"collection":[{"href":"https:\/\/curiosites.lmparis.fr\/index.php\/wp-json\/wp\/v2\/pages"}],"about":[{"href":"https:\/\/curiosites.lmparis.fr\/index.php\/wp-json\/wp\/v2\/types\/page"}],"author":[{"embeddable":true,"href":"https:\/\/curiosites.lmparis.fr\/index.php\/wp-json\/wp\/v2\/users\/1"}],"replies":[{"embeddable":true,"href":"https:\/\/curiosites.lmparis.fr\/index.php\/wp-json\/wp\/v2\/comments?post=447"}],"version-history":[{"count":0,"href":"https:\/\/curiosites.lmparis.fr\/index.php\/wp-json\/wp\/v2\/pages\/447\/revisions"}],"wp:attachment":[{"href":"https:\/\/curiosites.lmparis.fr\/index.php\/wp-json\/wp\/v2\/media?parent=447"}],"curies":[{"name":"wp","href":"https:\/\/api.w.org\/{rel}","templated":true}]}}